{"id":319,"date":"2021-07-08T07:07:14","date_gmt":"2021-07-08T07:07:14","guid":{"rendered":"https:\/\/www.youngbusinesstalents.com\/es\/?page_id=319"},"modified":"2024-06-12T11:03:45","modified_gmt":"2024-06-12T11:03:45","slug":"premios-y-diplomas","status":"publish","type":"page","link":"https:\/\/www.youngbusinesstalents.com\/es\/premios-y-diplomas","title":{"rendered":"Premios y Diplomas"},"content":{"rendered":"\r\n\t<section class=\"section\" id=\"section_1319338707\">\n\t\t<div class=\"bg section-bg fill bg-fill  bg-loaded\" >\n\n\t\t\t\n\t\t\t\n\t\t\t\n\n\t\t<\/div>\n\n\t\t\n\n\t\t<div class=\"section-content relative\">\n\t\t\t <div class=\"row\"  id=\"row-437178869\"> \n\t<div id=\"col-1281791280\" class=\"col small-12 large-12\"  data-animate=\"fadeInUp\">\n\t\t\t\t<div class=\"col-inner\"  >\n\t\t\t\n\t\t\t\r\n<p style=\"text-align: center;\"><strong><span style=\"color: #2e438b; font-size: 250%;\">PREMIOS Y DIPLOMAS<\/span><\/strong><\/p>\r\n<p style=\"text-align: center;\">Si terminas la Semifinal tendr\u00e1s derecho a un diploma acreditativo de participaci\u00f3n y de los valores a\u00f1adidos que habr\u00e1s conseguido. Bueno para tu curriculum. Los equipos que lleven su empresa a la final nacional tendr\u00e1n adem\u00e1s otro diploma acreditativo del nivel al que han llegado. Mejor para tu curriculum.<br \/><strong>\u00a0<\/strong><\/p>\r\n<p style=\"text-align: center;\">El diploma te ayuda a abrir puertas, a demostrar que has hecho un esfuerzo en aprendizaje por la pr\u00e1ctica valorado por empresas e instituciones, o sea, valorado por las personas que necesitan a personas.<br \/><strong>\u00a0<\/strong><\/p>\r\n<p style=\"text-align: center;\">Adem\u00e1s del diploma, los equipos clasificados para la Final podr\u00e1n conseguir premios.<\/p>\r\n\t<div id=\"gap-370196698\" class=\"gap-element clearfix\" style=\"display:block; height:auto;\">\n\t\t\n<style>\n#gap-370196698 {\n  padding-top: 30px;\n}\n<\/style>\n\t<\/div>\n\t <div class=\"row\"  id=\"row-188051196\"> \n\t<div id=\"col-897947045\" class=\"col small-12 large-12\"  data-animate=\"bounceInUp\">\n\t\t\t\t<div class=\"col-inner box-shadow-2\"  >\n\t\t\t\n\t<div class=\"is-border\"\n\t\tstyle=\"border-color:rgb(46, 67, 139);border-width:10px 0px 0px 0px;\">\n\t<\/div>\n\t\t\t\r\n<h2 style=\"text-align: center;\">M\u00e1s de 10.000 euros en premios<\/h2>\r\n<div class=\"reading-box-description fusion-reading-box-additional\" style=\"text-align: center;\">Los mejores equipos de la Final recibir\u00e1n, cada uno de ellos, 300 euros. Adem\u00e1s hay unos premios especiales a los 5 mejores equipos de la Final que consigan el m\u00e1ximo beneficio para sus empresas. Los profesores y los centros docentes tambi\u00e9n tendr\u00e1n premio.<\/div>\r\n\t\t<\/div>\n\t\t\t\t\n<style>\n#col-897947045 > .col-inner {\n  padding: 30px 30px 30px 30px;\n}\n<\/style>\n\t<\/div>\n\n\t <\/div> \t\t<\/div>\n\t\t\t\t\t<\/div>\n\n\t <\/div> \t\t<\/div>\n\n\t\t\n<style>\n#section_1319338707 {\n  padding-top: 19px;\n  padding-bottom: 19px;\n}\n#section_1319338707 .ux-shape-divider--top svg {\n  height: 150px;\n  --divider-top-width: 100%;\n}\n#section_1319338707 .ux-shape-divider--bottom svg {\n  height: 150px;\n  --divider-width: 100%;\n}\n<\/style>\n\t<\/section>\n\t \t<section class=\"section dark\" id=\"section_1321028671\">\n\t\t<div class=\"bg section-bg fill bg-fill  \" >\n\n\t\t\t\n\t\t\t<div class=\"section-bg-overlay absolute fill\"><\/div>\n\t\t\t\n\n\t\t<\/div>\n\n\t\t\n\n\t\t<div class=\"section-content relative\">\n\t\t\t \t<div id=\"gap-1872935246\" class=\"gap-element clearfix\" style=\"display:block; height:auto;\">\n\t\t\n<style>\n#gap-1872935246 {\n  padding-top: 30px;\n}\n<\/style>\n\t<\/div>\n\t <div class=\"row\"  id=\"row-735139611\"> \n\t<div id=\"col-2109964724\" class=\"col medium-4 small-12 large-4 col-hover-focus\"  data-animate=\"bounceInUp\">\n\t\t\t\t<div class=\"col-inner text-center box-shadow-2 box-shadow-2-hover\" style=\"background-color:rgb(255, 255, 255);\" >\n\t\t\t\n\t\t\t \n\t\t<div class=\"icon-box featured-box icon-box-top text-left\"  >\n\t\t\t\t\t<div class=\"icon-box-img\" style=\"width: 60px\">\n\t\t\t\t<div class=\"icon\">\n\t\t\t\t\t<div class=\"icon-inner\" >\n\t\t\t\t\t\t<img decoding=\"async\" width=\"1\" height=\"1\" src=\"https:\/\/www.youngbusinesstalents.com\/es\/wp-content\/uploads\/2021\/07\/1erpremio.svg\" class=\"attachment-medium size-medium\" alt=\"\" \/>\t\t\t\t\t<\/div>\n\t\t\t\t<\/div>\n\t\t\t<\/div>\n\t\t\t\t<div class=\"icon-box-text last-reset\">\n\t\t\t\t\t\t\t\t\t\r\n<h3 style=\"text-align: center;\"><span data-text-color=\"primary\">Primer Premio<\/span><br \/><span style=\"font-size: 150%;\" data-text-color=\"primary\">400\u20ac<\/span><\/h3>\r\n\t\t<\/div>\n\t<\/div>\n\t\n\t \t\t<\/div>\n\t\t\t\t\n<style>\n#col-2109964724 > .col-inner {\n  padding: 5px 5px 5px 5px;\n  border-radius: 15px;\n}\n<\/style>\n\t<\/div>\n\n\t \n\t<div id=\"col-904286546\" class=\"col medium-4 small-12 large-4 col-hover-focus\"  data-animate=\"bounceInUp\">\n\t\t\t\t<div class=\"col-inner text-center box-shadow-2 box-shadow-2-hover\" style=\"background-color:rgb(255, 255, 255);\" >\n\t\t\t\n\t\t\t \n\t\t<div class=\"icon-box featured-box icon-box-top text-left\"  >\n\t\t\t\t\t<div class=\"icon-box-img\" style=\"width: 60px\">\n\t\t\t\t<div class=\"icon\">\n\t\t\t\t\t<div class=\"icon-inner\" >\n\t\t\t\t\t\t<img decoding=\"async\" width=\"1\" height=\"1\" src=\"https:\/\/www.youngbusinesstalents.com\/es\/wp-content\/uploads\/2021\/07\/1erpremio.svg\" class=\"attachment-medium size-medium\" alt=\"\" \/>\t\t\t\t\t<\/div>\n\t\t\t\t<\/div>\n\t\t\t<\/div>\n\t\t\t\t<div class=\"icon-box-text last-reset\">\n\t\t\t\t\t\t\t\t\t\r\n<h3 style=\"text-align: center;\"><span data-text-color=\"primary\">Segundo<\/span><span data-text-color=\"primary\">\u00a0Premio<\/span><br \/><span style=\"font-size: 150%;\" data-text-color=\"primary\">350\u20ac<\/span><\/h3>\r\n\t\t<\/div>\n\t<\/div>\n\t\n\t \t\t<\/div>\n\t\t\t\t\n<style>\n#col-904286546 > .col-inner {\n  padding: 5px 5px 5px 5px;\n  border-radius: 15px;\n}\n<\/style>\n\t<\/div>\n\n\t \n\t<div id=\"col-2083034095\" class=\"col medium-4 small-12 large-4 col-hover-focus\"  data-animate=\"bounceInUp\">\n\t\t\t\t<div class=\"col-inner text-center box-shadow-2 box-shadow-2-hover\" style=\"background-color:rgb(255, 255, 255);\" >\n\t\t\t\n\t\t\t \n\t\t<div class=\"icon-box featured-box icon-box-top text-left\"  >\n\t\t\t\t\t<div class=\"icon-box-img\" style=\"width: 60px\">\n\t\t\t\t<div class=\"icon\">\n\t\t\t\t\t<div class=\"icon-inner\" >\n\t\t\t\t\t\t<img decoding=\"async\" width=\"1\" height=\"1\" src=\"https:\/\/www.youngbusinesstalents.com\/es\/wp-content\/uploads\/2021\/07\/1erpremio.svg\" class=\"attachment-medium size-medium\" alt=\"\" \/>\t\t\t\t\t<\/div>\n\t\t\t\t<\/div>\n\t\t\t<\/div>\n\t\t\t\t<div class=\"icon-box-text last-reset\">\n\t\t\t\t\t\t\t\t\t\r\n<h3 style=\"text-align: center;\"><span data-text-color=\"primary\">Tercer<\/span><span data-text-color=\"primary\">\u00a0Premio<\/span><br \/><span style=\"font-size: 150%;\" data-text-color=\"primary\">250\u20ac<\/span><\/h3>\r\n\t\t<\/div>\n\t<\/div>\n\t\n\t \t\t<\/div>\n\t\t\t\t\n<style>\n#col-2083034095 > .col-inner {\n  padding: 5px 5px 5px 5px;\n  border-radius: 15px;\n}\n<\/style>\n\t<\/div>\n\n\t <\/div> <div class=\"row align-middle align-center\"  id=\"row-1135141081\"> \n\t<div id=\"col-224986664\" class=\"col medium-4 small-12 large-4 col-hover-focus\"  data-animate=\"bounceInUp\">\n\t\t\t\t<div class=\"col-inner text-center box-shadow-2 box-shadow-2-hover\" style=\"background-color:rgb(255, 255, 255);\" >\n\t\t\t\n\t\t\t \n\t\t<div class=\"icon-box featured-box icon-box-top text-left\"  >\n\t\t\t\t\t<div class=\"icon-box-img\" style=\"width: 60px\">\n\t\t\t\t<div class=\"icon\">\n\t\t\t\t\t<div class=\"icon-inner\" >\n\t\t\t\t\t\t<img decoding=\"async\" width=\"1\" height=\"1\" src=\"https:\/\/www.youngbusinesstalents.com\/es\/wp-content\/uploads\/2021\/07\/1erpremio.svg\" class=\"attachment-medium size-medium\" alt=\"\" \/>\t\t\t\t\t<\/div>\n\t\t\t\t<\/div>\n\t\t\t<\/div>\n\t\t\t\t<div class=\"icon-box-text last-reset\">\n\t\t\t\t\t\t\t\t\t\r\n<h3 style=\"text-align: center;\"><span data-text-color=\"primary\">Cuarto<\/span><span data-text-color=\"primary\">\u00a0Premio<\/span><br \/><span style=\"font-size: 150%;\" data-text-color=\"primary\">200\u20ac<\/span><\/h3>\r\n\t\t<\/div>\n\t<\/div>\n\t\n\t \t\t<\/div>\n\t\t\t\t\n<style>\n#col-224986664 > .col-inner {\n  padding: 5px 5px 5px 5px;\n  border-radius: 15px;\n}\n<\/style>\n\t<\/div>\n\n\t \n\t<div id=\"col-1836740401\" class=\"col medium-4 small-12 large-4 col-hover-focus\"  data-animate=\"bounceInUp\">\n\t\t\t\t<div class=\"col-inner text-center box-shadow-2 box-shadow-2-hover\" style=\"background-color:rgb(255, 255, 255);\" >\n\t\t\t\n\t\t\t \n\t\t<div class=\"icon-box featured-box icon-box-top text-left\"  >\n\t\t\t\t\t<div class=\"icon-box-img\" style=\"width: 60px\">\n\t\t\t\t<div class=\"icon\">\n\t\t\t\t\t<div class=\"icon-inner\" >\n\t\t\t\t\t\t<img decoding=\"async\" width=\"1\" height=\"1\" src=\"https:\/\/www.youngbusinesstalents.com\/es\/wp-content\/uploads\/2021\/07\/1erpremio.svg\" class=\"attachment-medium size-medium\" alt=\"\" \/>\t\t\t\t\t<\/div>\n\t\t\t\t<\/div>\n\t\t\t<\/div>\n\t\t\t\t<div class=\"icon-box-text last-reset\">\n\t\t\t\t\t\t\t\t\t\r\n<h3 style=\"text-align: center;\"><span data-text-color=\"primary\">Quinto<\/span><span data-text-color=\"primary\">\u00a0Premio<\/span><br \/><span style=\"font-size: 150%;\" data-text-color=\"primary\">150\u20ac<\/span><\/h3>\r\n\t\t<\/div>\n\t<\/div>\n\t\n\t \t\t<\/div>\n\t\t\t\t\n<style>\n#col-1836740401 > .col-inner {\n  padding: 5px 5px 5px 5px;\n  border-radius: 15px;\n}\n<\/style>\n\t<\/div>\n\n\t <\/div> \t\t<\/div>\n\n\t\t\n<style>\n#section_1321028671 {\n  padding-top: 40px;\n  padding-bottom: 40px;\n}\n#section_1321028671 .section-bg-overlay {\n  background-color: rgba(207, 34, 37, 0.84);\n}\n#section_1321028671 .section-bg.bg-loaded {\n  background-image: url(https:\/\/www.youngbusinesstalents.com\/es\/wp-content\/uploads\/2021\/03\/young-business-talents-espan\u0303a.jpeg);\n}\n#section_1321028671 .ux-shape-divider--top svg {\n  height: 150px;\n  --divider-top-width: 100%;\n}\n#section_1321028671 .ux-shape-divider--bottom svg {\n  height: 150px;\n  --divider-width: 100%;\n}\n<\/style>\n\t<\/section>\n\t\r\n","protected":false},"excerpt":{"rendered":"","protected":false},"author":1,"featured_media":0,"parent":0,"menu_order":0,"comment_status":"closed","ping_status":"closed","template":"page-blank.php","meta":{"footnotes":""},"class_list":["post-319","page","type-page","status-publish","hentry"],"yoast_head":"<!-- This site is optimized with the Yoast SEO plugin v27.5 - https:\/\/yoast.com\/product\/yoast-seo-wordpress\/ -->\n<title>Premios y Diplomas - Young Business Talents Espa\u00f1a<\/title>\n<meta name=\"description\" content=\"Participa en el Business Game que te permitir\u00e1 gestionar una empresa gracias al uso de avanzados simuladore empresariales.\" \/>\n<meta name=\"robots\" content=\"index, follow, max-snippet:-1, max-image-preview:large, max-video-preview:-1\" \/>\n<link rel=\"canonical\" href=\"https:\/\/www.youngbusinesstalents.com\/es\/premios-y-diplomas\" \/>\n<meta property=\"og:locale\" content=\"es_ES\" \/>\n<meta property=\"og:type\" content=\"article\" \/>\n<meta property=\"og:title\" content=\"Premios y Diplomas - Young Business Talents Espa\u00f1a\" \/>\n<meta property=\"og:description\" content=\"Participa en el Business Game que te permitir\u00e1 gestionar una empresa gracias al uso de avanzados simuladore empresariales.\" \/>\n<meta property=\"og:url\" content=\"https:\/\/www.youngbusinesstalents.com\/es\/premios-y-diplomas\" \/>\n<meta property=\"og:site_name\" content=\"Young Business Talents Espa\u00f1a\" \/>\n<meta property=\"article:modified_time\" content=\"2024-06-12T11:03:45+00:00\" \/>\n<meta name=\"twitter:card\" content=\"summary_large_image\" \/>\n<meta name=\"twitter:label1\" content=\"Tiempo de lectura\" \/>\n\t<meta name=\"twitter:data1\" content=\"2 minutos\" \/>\n<script type=\"application\/ld+json\" class=\"yoast-schema-graph\">{\"@context\":\"https:\\\/\\\/schema.org\",\"@graph\":[{\"@type\":\"WebPage\",\"@id\":\"https:\\\/\\\/www.youngbusinesstalents.com\\\/es\\\/premios-y-diplomas\",\"url\":\"https:\\\/\\\/www.youngbusinesstalents.com\\\/es\\\/premios-y-diplomas\",\"name\":\"Premios y Diplomas - Young Business Talents Espa\u00f1a\",\"isPartOf\":{\"@id\":\"https:\\\/\\\/www.youngbusinesstalents.com\\\/es\\\/#website\"},\"datePublished\":\"2021-07-08T07:07:14+00:00\",\"dateModified\":\"2024-06-12T11:03:45+00:00\",\"description\":\"Participa en el Business Game que te permitir\u00e1 gestionar una empresa gracias al uso de avanzados simuladore empresariales.\",\"breadcrumb\":{\"@id\":\"https:\\\/\\\/www.youngbusinesstalents.com\\\/es\\\/premios-y-diplomas#breadcrumb\"},\"inLanguage\":\"es\",\"potentialAction\":[{\"@type\":\"ReadAction\",\"target\":[\"https:\\\/\\\/www.youngbusinesstalents.com\\\/es\\\/premios-y-diplomas\"]}]},{\"@type\":\"BreadcrumbList\",\"@id\":\"https:\\\/\\\/www.youngbusinesstalents.com\\\/es\\\/premios-y-diplomas#breadcrumb\",\"itemListElement\":[{\"@type\":\"ListItem\",\"position\":1,\"name\":\"Portada\",\"item\":\"https:\\\/\\\/www.youngbusinesstalents.com\\\/es\\\/\"},{\"@type\":\"ListItem\",\"position\":2,\"name\":\"Premios y Diplomas\"}]},{\"@type\":\"WebSite\",\"@id\":\"https:\\\/\\\/www.youngbusinesstalents.com\\\/es\\\/#website\",\"url\":\"https:\\\/\\\/www.youngbusinesstalents.com\\\/es\\\/\",\"name\":\"Young Business Talents Espa\u00f1a\",\"description\":\"Business Game con simuladores empresariales\",\"publisher\":{\"@id\":\"https:\\\/\\\/www.youngbusinesstalents.com\\\/es\\\/#organization\"},\"potentialAction\":[{\"@type\":\"SearchAction\",\"target\":{\"@type\":\"EntryPoint\",\"urlTemplate\":\"https:\\\/\\\/www.youngbusinesstalents.com\\\/es\\\/?s={search_term_string}\"},\"query-input\":{\"@type\":\"PropertyValueSpecification\",\"valueRequired\":true,\"valueName\":\"search_term_string\"}}],\"inLanguage\":\"es\"},{\"@type\":\"Organization\",\"@id\":\"https:\\\/\\\/www.youngbusinesstalents.com\\\/es\\\/#organization\",\"name\":\"Young Business Talents\",\"url\":\"https:\\\/\\\/www.youngbusinesstalents.com\\\/es\\\/\",\"logo\":{\"@type\":\"ImageObject\",\"inLanguage\":\"es\",\"@id\":\"https:\\\/\\\/www.youngbusinesstalents.com\\\/es\\\/#\\\/schema\\\/logo\\\/image\\\/\",\"url\":\"https:\\\/\\\/www.youngbusinesstalents.com\\\/es\\\/wp-content\\\/uploads\\\/2021\\\/08\\\/Logo-YBT-1.png\",\"contentUrl\":\"https:\\\/\\\/www.youngbusinesstalents.com\\\/es\\\/wp-content\\\/uploads\\\/2021\\\/08\\\/Logo-YBT-1.png\",\"width\":850,\"height\":425,\"caption\":\"Young Business Talents\"},\"image\":{\"@id\":\"https:\\\/\\\/www.youngbusinesstalents.com\\\/es\\\/#\\\/schema\\\/logo\\\/image\\\/\"}}]}<\/script>\n<!-- \/ Yoast SEO plugin. -->","yoast_head_json":{"title":"Premios y Diplomas - Young Business Talents Espa\u00f1a","description":"Participa en el Business Game que te permitir\u00e1 gestionar una empresa gracias al uso de avanzados simuladore empresariales.","robots":{"index":"index","follow":"follow","max-snippet":"max-snippet:-1","max-image-preview":"max-image-preview:large","max-video-preview":"max-video-preview:-1"},"canonical":"https:\/\/www.youngbusinesstalents.com\/es\/premios-y-diplomas","og_locale":"es_ES","og_type":"article","og_title":"Premios y Diplomas - Young Business Talents Espa\u00f1a","og_description":"Participa en el Business Game que te permitir\u00e1 gestionar una empresa gracias al uso de avanzados simuladore empresariales.","og_url":"https:\/\/www.youngbusinesstalents.com\/es\/premios-y-diplomas","og_site_name":"Young Business Talents Espa\u00f1a","article_modified_time":"2024-06-12T11:03:45+00:00","twitter_card":"summary_large_image","twitter_misc":{"Tiempo de lectura":"2 minutos"},"schema":{"@context":"https:\/\/schema.org","@graph":[{"@type":"WebPage","@id":"https:\/\/www.youngbusinesstalents.com\/es\/premios-y-diplomas","url":"https:\/\/www.youngbusinesstalents.com\/es\/premios-y-diplomas","name":"Premios y Diplomas - Young Business Talents Espa\u00f1a","isPartOf":{"@id":"https:\/\/www.youngbusinesstalents.com\/es\/#website"},"datePublished":"2021-07-08T07:07:14+00:00","dateModified":"2024-06-12T11:03:45+00:00","description":"Participa en el Business Game que te permitir\u00e1 gestionar una empresa gracias al uso de avanzados simuladore empresariales.","breadcrumb":{"@id":"https:\/\/www.youngbusinesstalents.com\/es\/premios-y-diplomas#breadcrumb"},"inLanguage":"es","potentialAction":[{"@type":"ReadAction","target":["https:\/\/www.youngbusinesstalents.com\/es\/premios-y-diplomas"]}]},{"@type":"BreadcrumbList","@id":"https:\/\/www.youngbusinesstalents.com\/es\/premios-y-diplomas#breadcrumb","itemListElement":[{"@type":"ListItem","position":1,"name":"Portada","item":"https:\/\/www.youngbusinesstalents.com\/es\/"},{"@type":"ListItem","position":2,"name":"Premios y Diplomas"}]},{"@type":"WebSite","@id":"https:\/\/www.youngbusinesstalents.com\/es\/#website","url":"https:\/\/www.youngbusinesstalents.com\/es\/","name":"Young Business Talents Espa\u00f1a","description":"Business Game con simuladores empresariales","publisher":{"@id":"https:\/\/www.youngbusinesstalents.com\/es\/#organization"},"potentialAction":[{"@type":"SearchAction","target":{"@type":"EntryPoint","urlTemplate":"https:\/\/www.youngbusinesstalents.com\/es\/?s={search_term_string}"},"query-input":{"@type":"PropertyValueSpecification","valueRequired":true,"valueName":"search_term_string"}}],"inLanguage":"es"},{"@type":"Organization","@id":"https:\/\/www.youngbusinesstalents.com\/es\/#organization","name":"Young Business Talents","url":"https:\/\/www.youngbusinesstalents.com\/es\/","logo":{"@type":"ImageObject","inLanguage":"es","@id":"https:\/\/www.youngbusinesstalents.com\/es\/#\/schema\/logo\/image\/","url":"https:\/\/www.youngbusinesstalents.com\/es\/wp-content\/uploads\/2021\/08\/Logo-YBT-1.png","contentUrl":"https:\/\/www.youngbusinesstalents.com\/es\/wp-content\/uploads\/2021\/08\/Logo-YBT-1.png","width":850,"height":425,"caption":"Young Business Talents"},"image":{"@id":"https:\/\/www.youngbusinesstalents.com\/es\/#\/schema\/logo\/image\/"}}]}},"_links":{"self":[{"href":"https:\/\/www.youngbusinesstalents.com\/es\/wp-json\/wp\/v2\/pages\/319","targetHints":{"allow":["GET"]}}],"collection":[{"href":"https:\/\/www.youngbusinesstalents.com\/es\/wp-json\/wp\/v2\/pages"}],"about":[{"href":"https:\/\/www.youngbusinesstalents.com\/es\/wp-json\/wp\/v2\/types\/page"}],"author":[{"embeddable":true,"href":"https:\/\/www.youngbusinesstalents.com\/es\/wp-json\/wp\/v2\/users\/1"}],"replies":[{"embeddable":true,"href":"https:\/\/www.youngbusinesstalents.com\/es\/wp-json\/wp\/v2\/comments?post=319"}],"version-history":[{"count":32,"href":"https:\/\/www.youngbusinesstalents.com\/es\/wp-json\/wp\/v2\/pages\/319\/revisions"}],"predecessor-version":[{"id":1371,"href":"https:\/\/www.youngbusinesstalents.com\/es\/wp-json\/wp\/v2\/pages\/319\/revisions\/1371"}],"wp:attachment":[{"href":"https:\/\/www.youngbusinesstalents.com\/es\/wp-json\/wp\/v2\/media?parent=319"}],"curies":[{"name":"wp","href":"https:\/\/api.w.org\/{rel}","templated":true}]}}