{"id":372,"date":"2021-07-08T08:04:05","date_gmt":"2021-07-08T08:04:05","guid":{"rendered":"https:\/\/www.youngbusinesstalents.com\/es\/?page_id=372"},"modified":"2026-03-26T10:46:57","modified_gmt":"2026-03-26T10:46:57","slug":"utiles-y-materiales","status":"publish","type":"page","link":"https:\/\/www.youngbusinesstalents.com\/es\/utiles-y-materiales","title":{"rendered":"\u00datiles y Materiales"},"content":{"rendered":"<p style=\"text-align: center;\">\t<section class=\"section\" id=\"section_1965709712\">\n\t\t<div class=\"bg section-bg fill bg-fill  bg-loaded\" >\n\n\t\t\t\n\t\t\t\n\t\t\t\n\n\t\t<\/div>\n\n\t\t\n\n\t\t<div class=\"section-content relative\">\n\t\t\t\t\t<\/div>\n\n\t\t\n<style>\n#section_1965709712 {\n  padding-top: 19px;\n  padding-bottom: 19px;\n}\n#section_1965709712 .ux-shape-divider--top svg {\n  height: 150px;\n  --divider-top-width: 100%;\n}\n#section_1965709712 .ux-shape-divider--bottom svg {\n  height: 150px;\n  --divider-width: 100%;\n}\n<\/style>\n\t<\/section>\n\t\n<p style=\"text-align: center;\"><div class=\"row\"  id=\"row-131042060\"><\/div>\n<p style=\"text-align: center;\">\n\t<div id=\"col-1761170695\" class=\"col small-12 large-12\"  >\n\t\t\t\t<div class=\"col-inner\"  >\n\t\t\t\n\t\t\t\t\t<\/div>\n\t\t\t\t\t<\/div>\n\n\t\n<p style=\"text-align: center;\"><strong><span style=\"color: #2e438b; font-size: 250%;\">\u00daTILES Y MATERIALES<\/span><\/strong><\/p>\n<p style=\"text-align: center;\"><a class=\"maxbutton-18 maxbutton maxbutton-gestion-de-equipos\" target=\"_blank\" title=\"Ver Gesti\u00f3n de Equipos\" rel=\"noopener\" href=\"https:\/\/www.youngbusinesstalents.com\/es\/wp-content\/uploads\/2026\/03\/Gui\u0301a-de-transportes-Final-Nacional-YBT-2526.pdf\"><span class='mb-text'>Gu\u00eda de Transportes<\/span><\/a>\n<a class=\"maxbutton-18 maxbutton maxbutton-gestion-de-equipos\" target=\"_blank\" title=\"Ver Gesti\u00f3n de Equipos\" rel=\"noopener\" href=\"https:\/\/www.youngbusinesstalents.com\/es\/wp-content\/uploads\/2026\/03\/Agenda-Final-YBT-ES-2025.pdf\"><span class='mb-text'>Agenda Final YBT<\/span><\/a>\n<h2 style=\"text-align: center;\"><span data-text-color=\"primary\">Simulaciones y competidores<\/span><\/h2>\n<p style=\"text-align: center;\">Aqu\u00ed podr\u00e1s conocer todas las empresas con las que competir\u00e1s.<\/p>\n<p style=\"text-align: center;\"><a class=\"maxbutton-18 maxbutton maxbutton-gestion-de-equipos\" target=\"_blank\" title=\"Ver Gesti\u00f3n de Equipos\" rel=\"noopener\" href=\"https:\/\/ybt16.praxismmt.com\/results\/meta2x\/clasi\/sim_comp_ESPF5.pdf\"><span class='mb-text'>Final YBT 25-26 F5<\/span><\/a>\n<p style=\"text-align: center;\"><iframe title=\"YouTube video player\" src=\"https:\/\/www.youtube.com\/embed\/rnUEFrtYR0w?si=o9khFWukQz4xTAEK\" width=\"560\" height=\"315\" frameborder=\"0\" allowfullscreen=\"allowfullscreen\"><\/iframe><\/p>\n","protected":false},"excerpt":{"rendered":"<p>\u00daTILES Y MATERIALES Simulaciones y competidores Aqu\u00ed podr\u00e1s conocer todas las empresas con las que competir\u00e1s.<\/p>\n","protected":false},"author":1,"featured_media":0,"parent":0,"menu_order":0,"comment_status":"closed","ping_status":"closed","template":"page-blank.php","meta":{"footnotes":""},"class_list":["post-372","page","type-page","status-publish","hentry"],"yoast_head":"<!-- This site is optimized with the Yoast SEO plugin v27.6 - https:\/\/yoast.com\/product\/yoast-seo-wordpress\/ -->\n<title>\u00datiles y Materiales - Young Business Talents Espa\u00f1a<\/title>\n<meta name=\"description\" content=\"Participa en el Business Game que te permitir\u00e1 gestionar una empresa gracias al uso de avanzados simuladore empresariales.\" \/>\n<meta name=\"robots\" content=\"index, follow, max-snippet:-1, max-image-preview:large, max-video-preview:-1\" \/>\n<link rel=\"canonical\" href=\"https:\/\/www.youngbusinesstalents.com\/es\/utiles-y-materiales\" \/>\n<meta property=\"og:locale\" content=\"es_ES\" \/>\n<meta property=\"og:type\" content=\"article\" \/>\n<meta property=\"og:title\" content=\"\u00datiles y Materiales - Young Business Talents Espa\u00f1a\" \/>\n<meta property=\"og:description\" content=\"Participa en el Business Game que te permitir\u00e1 gestionar una empresa gracias al uso de avanzados simuladore empresariales.\" \/>\n<meta property=\"og:url\" content=\"https:\/\/www.youngbusinesstalents.com\/es\/utiles-y-materiales\" \/>\n<meta property=\"og:site_name\" content=\"Young Business Talents Espa\u00f1a\" \/>\n<meta property=\"article:modified_time\" content=\"2026-03-26T10:46:57+00:00\" \/>\n<meta name=\"twitter:card\" content=\"summary_large_image\" \/>\n<meta name=\"twitter:label1\" content=\"Tiempo de lectura\" \/>\n\t<meta name=\"twitter:data1\" content=\"1 minuto\" \/>\n<script type=\"application\/ld+json\" class=\"yoast-schema-graph\">{\"@context\":\"https:\\\/\\\/schema.org\",\"@graph\":[{\"@type\":\"WebPage\",\"@id\":\"https:\\\/\\\/www.youngbusinesstalents.com\\\/es\\\/utiles-y-materiales\",\"url\":\"https:\\\/\\\/www.youngbusinesstalents.com\\\/es\\\/utiles-y-materiales\",\"name\":\"\u00datiles y Materiales - Young Business Talents Espa\u00f1a\",\"isPartOf\":{\"@id\":\"https:\\\/\\\/www.youngbusinesstalents.com\\\/es\\\/#website\"},\"datePublished\":\"2021-07-08T08:04:05+00:00\",\"dateModified\":\"2026-03-26T10:46:57+00:00\",\"description\":\"Participa en el Business Game que te permitir\u00e1 gestionar una empresa gracias al uso de avanzados simuladore empresariales.\",\"breadcrumb\":{\"@id\":\"https:\\\/\\\/www.youngbusinesstalents.com\\\/es\\\/utiles-y-materiales#breadcrumb\"},\"inLanguage\":\"es\",\"potentialAction\":[{\"@type\":\"ReadAction\",\"target\":[\"https:\\\/\\\/www.youngbusinesstalents.com\\\/es\\\/utiles-y-materiales\"]}]},{\"@type\":\"BreadcrumbList\",\"@id\":\"https:\\\/\\\/www.youngbusinesstalents.com\\\/es\\\/utiles-y-materiales#breadcrumb\",\"itemListElement\":[{\"@type\":\"ListItem\",\"position\":1,\"name\":\"Portada\",\"item\":\"https:\\\/\\\/www.youngbusinesstalents.com\\\/es\\\/\"},{\"@type\":\"ListItem\",\"position\":2,\"name\":\"\u00datiles y Materiales\"}]},{\"@type\":\"WebSite\",\"@id\":\"https:\\\/\\\/www.youngbusinesstalents.com\\\/es\\\/#website\",\"url\":\"https:\\\/\\\/www.youngbusinesstalents.com\\\/es\\\/\",\"name\":\"Young Business Talents Espa\u00f1a\",\"description\":\"Business Game con simuladores empresariales\",\"publisher\":{\"@id\":\"https:\\\/\\\/www.youngbusinesstalents.com\\\/es\\\/#organization\"},\"potentialAction\":[{\"@type\":\"SearchAction\",\"target\":{\"@type\":\"EntryPoint\",\"urlTemplate\":\"https:\\\/\\\/www.youngbusinesstalents.com\\\/es\\\/?s={search_term_string}\"},\"query-input\":{\"@type\":\"PropertyValueSpecification\",\"valueRequired\":true,\"valueName\":\"search_term_string\"}}],\"inLanguage\":\"es\"},{\"@type\":\"Organization\",\"@id\":\"https:\\\/\\\/www.youngbusinesstalents.com\\\/es\\\/#organization\",\"name\":\"Young Business Talents\",\"url\":\"https:\\\/\\\/www.youngbusinesstalents.com\\\/es\\\/\",\"logo\":{\"@type\":\"ImageObject\",\"inLanguage\":\"es\",\"@id\":\"https:\\\/\\\/www.youngbusinesstalents.com\\\/es\\\/#\\\/schema\\\/logo\\\/image\\\/\",\"url\":\"https:\\\/\\\/www.youngbusinesstalents.com\\\/es\\\/wp-content\\\/uploads\\\/2021\\\/08\\\/Logo-YBT-1.png\",\"contentUrl\":\"https:\\\/\\\/www.youngbusinesstalents.com\\\/es\\\/wp-content\\\/uploads\\\/2021\\\/08\\\/Logo-YBT-1.png\",\"width\":850,\"height\":425,\"caption\":\"Young Business Talents\"},\"image\":{\"@id\":\"https:\\\/\\\/www.youngbusinesstalents.com\\\/es\\\/#\\\/schema\\\/logo\\\/image\\\/\"}}]}<\/script>\n<!-- \/ Yoast SEO plugin. -->","yoast_head_json":{"title":"\u00datiles y Materiales - Young Business Talents Espa\u00f1a","description":"Participa en el Business Game que te permitir\u00e1 gestionar una empresa gracias al uso de avanzados simuladore empresariales.","robots":{"index":"index","follow":"follow","max-snippet":"max-snippet:-1","max-image-preview":"max-image-preview:large","max-video-preview":"max-video-preview:-1"},"canonical":"https:\/\/www.youngbusinesstalents.com\/es\/utiles-y-materiales","og_locale":"es_ES","og_type":"article","og_title":"\u00datiles y Materiales - Young Business Talents Espa\u00f1a","og_description":"Participa en el Business Game que te permitir\u00e1 gestionar una empresa gracias al uso de avanzados simuladore empresariales.","og_url":"https:\/\/www.youngbusinesstalents.com\/es\/utiles-y-materiales","og_site_name":"Young Business Talents Espa\u00f1a","article_modified_time":"2026-03-26T10:46:57+00:00","twitter_card":"summary_large_image","twitter_misc":{"Tiempo de lectura":"1 minuto"},"schema":{"@context":"https:\/\/schema.org","@graph":[{"@type":"WebPage","@id":"https:\/\/www.youngbusinesstalents.com\/es\/utiles-y-materiales","url":"https:\/\/www.youngbusinesstalents.com\/es\/utiles-y-materiales","name":"\u00datiles y Materiales - Young Business Talents Espa\u00f1a","isPartOf":{"@id":"https:\/\/www.youngbusinesstalents.com\/es\/#website"},"datePublished":"2021-07-08T08:04:05+00:00","dateModified":"2026-03-26T10:46:57+00:00","description":"Participa en el Business Game que te permitir\u00e1 gestionar una empresa gracias al uso de avanzados simuladore empresariales.","breadcrumb":{"@id":"https:\/\/www.youngbusinesstalents.com\/es\/utiles-y-materiales#breadcrumb"},"inLanguage":"es","potentialAction":[{"@type":"ReadAction","target":["https:\/\/www.youngbusinesstalents.com\/es\/utiles-y-materiales"]}]},{"@type":"BreadcrumbList","@id":"https:\/\/www.youngbusinesstalents.com\/es\/utiles-y-materiales#breadcrumb","itemListElement":[{"@type":"ListItem","position":1,"name":"Portada","item":"https:\/\/www.youngbusinesstalents.com\/es\/"},{"@type":"ListItem","position":2,"name":"\u00datiles y Materiales"}]},{"@type":"WebSite","@id":"https:\/\/www.youngbusinesstalents.com\/es\/#website","url":"https:\/\/www.youngbusinesstalents.com\/es\/","name":"Young Business Talents Espa\u00f1a","description":"Business Game con simuladores empresariales","publisher":{"@id":"https:\/\/www.youngbusinesstalents.com\/es\/#organization"},"potentialAction":[{"@type":"SearchAction","target":{"@type":"EntryPoint","urlTemplate":"https:\/\/www.youngbusinesstalents.com\/es\/?s={search_term_string}"},"query-input":{"@type":"PropertyValueSpecification","valueRequired":true,"valueName":"search_term_string"}}],"inLanguage":"es"},{"@type":"Organization","@id":"https:\/\/www.youngbusinesstalents.com\/es\/#organization","name":"Young Business Talents","url":"https:\/\/www.youngbusinesstalents.com\/es\/","logo":{"@type":"ImageObject","inLanguage":"es","@id":"https:\/\/www.youngbusinesstalents.com\/es\/#\/schema\/logo\/image\/","url":"https:\/\/www.youngbusinesstalents.com\/es\/wp-content\/uploads\/2021\/08\/Logo-YBT-1.png","contentUrl":"https:\/\/www.youngbusinesstalents.com\/es\/wp-content\/uploads\/2021\/08\/Logo-YBT-1.png","width":850,"height":425,"caption":"Young Business Talents"},"image":{"@id":"https:\/\/www.youngbusinesstalents.com\/es\/#\/schema\/logo\/image\/"}}]}},"_links":{"self":[{"href":"https:\/\/www.youngbusinesstalents.com\/es\/wp-json\/wp\/v2\/pages\/372","targetHints":{"allow":["GET"]}}],"collection":[{"href":"https:\/\/www.youngbusinesstalents.com\/es\/wp-json\/wp\/v2\/pages"}],"about":[{"href":"https:\/\/www.youngbusinesstalents.com\/es\/wp-json\/wp\/v2\/types\/page"}],"author":[{"embeddable":true,"href":"https:\/\/www.youngbusinesstalents.com\/es\/wp-json\/wp\/v2\/users\/1"}],"replies":[{"embeddable":true,"href":"https:\/\/www.youngbusinesstalents.com\/es\/wp-json\/wp\/v2\/comments?post=372"}],"version-history":[{"count":105,"href":"https:\/\/www.youngbusinesstalents.com\/es\/wp-json\/wp\/v2\/pages\/372\/revisions"}],"predecessor-version":[{"id":1670,"href":"https:\/\/www.youngbusinesstalents.com\/es\/wp-json\/wp\/v2\/pages\/372\/revisions\/1670"}],"wp:attachment":[{"href":"https:\/\/www.youngbusinesstalents.com\/es\/wp-json\/wp\/v2\/media?parent=372"}],"curies":[{"name":"wp","href":"https:\/\/api.w.org\/{rel}","templated":true}]}}