{"id":541,"date":"2021-08-25T09:01:24","date_gmt":"2021-08-25T09:01:24","guid":{"rendered":"https:\/\/www.youngbusinesstalents.com\/es\/?page_id=541"},"modified":"2024-09-16T13:48:46","modified_gmt":"2024-09-16T13:48:46","slug":"tu-asesor-personal","status":"publish","type":"page","link":"https:\/\/www.youngbusinesstalents.com\/es\/tu-asesor-personal","title":{"rendered":"Tu asesor personal"},"content":{"rendered":"\n  \n    <div class=\"row large-columns-1 medium-columns-1 small-columns-1 has-shadow row-box-shadow-2 row-box-shadow-2-hover\">\n  <div class=\"col post-item\" >\n\t\t\t<div class=\"col-inner\">\n\t\t\t<a href=\"https:\/\/www.youngbusinesstalents.com\/es\/ultimo-ano-de-semifinales-2\" class=\"plain\">\n\t\t\t\t<div class=\"box box-vertical box-text-bottom box-blog-post has-hover\">\n          \t\t\t\t\t<div class=\"box-text text-left\" >\n\t\t\t\t\t<div class=\"box-text-inner blog-post-inner\">\n\n\t\t\t\t\t\n\t\t\t\t\t\t\t\t\t\t<h5 class=\"post-title is-large uppercase\">\u00a1Ultimo a\u00f1o de semifinales!<\/h5>\n\t\t\t\t\t<div class=\"post-meta is-small op-8\">13 de febrero de 2026<\/div>\t\t\t\t\t<div class=\"is-divider\"><\/div>\n\t\t\t\t\t\t\t\t\t\t<p class=\"from_the_blog_excerpt \">Entramos en el \u00faltimo a\u00f1o de la competici\u00f3n online y todav\u00eda un alto n\u00famero de [...]\t\t\t\t\t<\/p>\n\t\t\t\t\t                    \n\t\t\t\t\t\t\t\t\t\t\t<button href=\"https:\/\/www.youngbusinesstalents.com\/es\/ultimo-ano-de-semifinales-2\" class=\"button primary is-outline is-small mb-0\">\n\t\t\t\t\t\t\tLeer m\u00e1s\t\t\t\t\t\t<\/button>\n\t\t\t\t\t\n\t\t\t\t\t\n\t\t\t\t\t<\/div>\n\t\t\t\t\t<\/div>\n\t\t\t\t\t\t\t\t\t<\/div>\n\t\t\t\t<\/a>\n\t\t\t<\/div>\n\t\t<\/div><div class=\"col post-item\" >\n\t\t\t<div class=\"col-inner\">\n\t\t\t<a href=\"https:\/\/www.youngbusinesstalents.com\/es\/cambio-de-escenario-2\" class=\"plain\">\n\t\t\t\t<div class=\"box box-vertical box-text-bottom box-blog-post has-hover\">\n          \t\t\t\t\t<div class=\"box-text text-left\" >\n\t\t\t\t\t<div class=\"box-text-inner blog-post-inner\">\n\n\t\t\t\t\t\n\t\t\t\t\t\t\t\t\t\t<h5 class=\"post-title is-large uppercase\">\u00a1Cambio de escenario!<\/h5>\n\t\t\t\t\t<div class=\"post-meta is-small op-8\">9 de febrero de 2026<\/div>\t\t\t\t\t<div class=\"is-divider\"><\/div>\n\t\t\t\t\t\t\t\t\t\t<p class=\"from_the_blog_excerpt \">Una vez m\u00e1s, para hacer la simulaci\u00f3n m\u00e1s din\u00e1mica y real, en el segundo a\u00f1o [...]\t\t\t\t\t<\/p>\n\t\t\t\t\t                    \n\t\t\t\t\t\t\t\t\t\t\t<button href=\"https:\/\/www.youngbusinesstalents.com\/es\/cambio-de-escenario-2\" class=\"button primary is-outline is-small mb-0\">\n\t\t\t\t\t\t\tLeer m\u00e1s\t\t\t\t\t\t<\/button>\n\t\t\t\t\t\n\t\t\t\t\t\n\t\t\t\t\t<\/div>\n\t\t\t\t\t<\/div>\n\t\t\t\t\t\t\t\t\t<\/div>\n\t\t\t\t<\/a>\n\t\t\t<\/div>\n\t\t<\/div><div class=\"col post-item\" >\n\t\t\t<div class=\"col-inner\">\n\t\t\t<a href=\"https:\/\/www.youngbusinesstalents.com\/es\/finalistas-por-provincia\" class=\"plain\">\n\t\t\t\t<div class=\"box box-vertical box-text-bottom box-blog-post has-hover\">\n          \t\t\t\t\t<div class=\"box-text text-left\" >\n\t\t\t\t\t<div class=\"box-text-inner blog-post-inner\">\n\n\t\t\t\t\t\n\t\t\t\t\t\t\t\t\t\t<h5 class=\"post-title is-large uppercase\">Final Nacional de YBT<\/h5>\n\t\t\t\t\t<div class=\"post-meta is-small op-8\">1 de febrero de 2026<\/div>\t\t\t\t\t<div class=\"is-divider\"><\/div>\n\t\t\t\t\t\t\t\t\t\t<p class=\"from_the_blog_excerpt \">La Final Nacional de esta edici\u00f3n de Young Business Talents tendr\u00e1 lugar el viernes 17 [...]\t\t\t\t\t<\/p>\n\t\t\t\t\t                    \n\t\t\t\t\t\t\t\t\t\t\t<button href=\"https:\/\/www.youngbusinesstalents.com\/es\/finalistas-por-provincia\" class=\"button primary is-outline is-small mb-0\">\n\t\t\t\t\t\t\tLeer m\u00e1s\t\t\t\t\t\t<\/button>\n\t\t\t\t\t\n\t\t\t\t\t\n\t\t\t\t\t<\/div>\n\t\t\t\t\t<\/div>\n\t\t\t\t\t\t\t\t\t<\/div>\n\t\t\t\t<\/a>\n\t\t\t<\/div>\n\t\t<\/div><div class=\"col post-item\" >\n\t\t\t<div class=\"col-inner\">\n\t\t\t<a href=\"https:\/\/www.youngbusinesstalents.com\/es\/cambio-importante-en-la-situacion-del-mercado-2\" class=\"plain\">\n\t\t\t\t<div class=\"box box-vertical box-text-bottom box-blog-post has-hover\">\n          \t\t\t\t\t<div class=\"box-text text-left\" >\n\t\t\t\t\t<div class=\"box-text-inner blog-post-inner\">\n\n\t\t\t\t\t\n\t\t\t\t\t\t\t\t\t\t<h5 class=\"post-title is-large uppercase\">\u00a1Cambio importante en la situaci\u00f3n del mercado!<\/h5>\n\t\t\t\t\t<div class=\"post-meta is-small op-8\">23 de enero de 2026<\/div>\t\t\t\t\t<div class=\"is-divider\"><\/div>\n\t\t\t\t\t\t\t\t\t\t<p class=\"from_the_blog_excerpt \">Una vez m\u00e1s, para hacer la simulaci\u00f3n m\u00e1s din\u00e1mica y real, en el tercer a\u00f1o [...]\t\t\t\t\t<\/p>\n\t\t\t\t\t                    \n\t\t\t\t\t\t\t\t\t\t\t<button href=\"https:\/\/www.youngbusinesstalents.com\/es\/cambio-importante-en-la-situacion-del-mercado-2\" class=\"button primary is-outline is-small mb-0\">\n\t\t\t\t\t\t\tLeer m\u00e1s\t\t\t\t\t\t<\/button>\n\t\t\t\t\t\n\t\t\t\t\t\n\t\t\t\t\t<\/div>\n\t\t\t\t\t<\/div>\n\t\t\t\t\t\t\t\t\t<\/div>\n\t\t\t\t<\/a>\n\t\t\t<\/div>\n\t\t<\/div><div class=\"col post-item\" >\n\t\t\t<div class=\"col-inner\">\n\t\t\t<a href=\"https:\/\/www.youngbusinesstalents.com\/es\/1153-2\" class=\"plain\">\n\t\t\t\t<div class=\"box box-vertical box-text-bottom box-blog-post has-hover\">\n          \t\t\t\t\t<div class=\"box-text text-left\" >\n\t\t\t\t\t<div class=\"box-text-inner blog-post-inner\">\n\n\t\t\t\t\t\n\t\t\t\t\t\t\t\t\t\t<h5 class=\"post-title is-large uppercase\">\u00a1Feliz Navidad!<\/h5>\n\t\t\t\t\t<div class=\"post-meta is-small op-8\">19 de diciembre de 2025<\/div>\t\t\t\t\t<div class=\"is-divider\"><\/div>\n\t\t\t\t\t\t\t\t\t\t<p class=\"from_the_blog_excerpt \"> [...]\t\t\t\t\t<\/p>\n\t\t\t\t\t                    \n\t\t\t\t\t\t\t\t\t\t\t<button href=\"https:\/\/www.youngbusinesstalents.com\/es\/1153-2\" class=\"button primary is-outline is-small mb-0\">\n\t\t\t\t\t\t\tLeer m\u00e1s\t\t\t\t\t\t<\/button>\n\t\t\t\t\t\n\t\t\t\t\t\n\t\t\t\t\t<\/div>\n\t\t\t\t\t<\/div>\n\t\t\t\t\t\t\t\t\t<\/div>\n\t\t\t\t<\/a>\n\t\t\t<\/div>\n\t\t<\/div><div class=\"col post-item\" >\n\t\t\t<div class=\"col-inner\">\n\t\t\t<a href=\"https:\/\/www.youngbusinesstalents.com\/es\/atencion-cambio-en-el-mercado-2\" class=\"plain\">\n\t\t\t\t<div class=\"box box-vertical box-text-bottom box-blog-post has-hover\">\n          \t\t\t\t\t<div class=\"box-text text-left\" >\n\t\t\t\t\t<div class=\"box-text-inner blog-post-inner\">\n\n\t\t\t\t\t\n\t\t\t\t\t\t\t\t\t\t<h5 class=\"post-title is-large uppercase\">\u00a1Atenci\u00f3n, cambio en el mercado!<\/h5>\n\t\t\t\t\t<div class=\"post-meta is-small op-8\">12 de diciembre de 2025<\/div>\t\t\t\t\t<div class=\"is-divider\"><\/div>\n\t\t\t\t\t\t\t\t\t\t<p class=\"from_the_blog_excerpt \">De cara a acercar Young Business Talents todav\u00eda m\u00e1s a la econom\u00eda y a la [...]\t\t\t\t\t<\/p>\n\t\t\t\t\t                    \n\t\t\t\t\t\t\t\t\t\t\t<button href=\"https:\/\/www.youngbusinesstalents.com\/es\/atencion-cambio-en-el-mercado-2\" class=\"button primary is-outline is-small mb-0\">\n\t\t\t\t\t\t\tLeer m\u00e1s\t\t\t\t\t\t<\/button>\n\t\t\t\t\t\n\t\t\t\t\t\n\t\t\t\t\t<\/div>\n\t\t\t\t\t<\/div>\n\t\t\t\t\t\t\t\t\t<\/div>\n\t\t\t\t<\/a>\n\t\t\t<\/div>\n\t\t<\/div><div class=\"col post-item\" >\n\t\t\t<div class=\"col-inner\">\n\t\t\t<a href=\"https:\/\/www.youngbusinesstalents.com\/es\/inversiones-financieras-2\" class=\"plain\">\n\t\t\t\t<div class=\"box box-vertical box-text-bottom box-blog-post has-hover\">\n          \t\t\t\t\t<div class=\"box-text text-left\" >\n\t\t\t\t\t<div class=\"box-text-inner blog-post-inner\">\n\n\t\t\t\t\t\n\t\t\t\t\t\t\t\t\t\t<h5 class=\"post-title is-large uppercase\">Inversiones financieras<\/h5>\n\t\t\t\t\t<div class=\"post-meta is-small op-8\">27 de noviembre de 2025<\/div>\t\t\t\t\t<div class=\"is-divider\"><\/div>\n\t\t\t\t\t\t\t\t\t\t<p class=\"from_the_blog_excerpt \">Al preparar su plan anual, los equipos pueden decidir realizar una inversi\u00f3n financiera, un dep\u00f3sito [...]\t\t\t\t\t<\/p>\n\t\t\t\t\t                    \n\t\t\t\t\t\t\t\t\t\t\t<button href=\"https:\/\/www.youngbusinesstalents.com\/es\/inversiones-financieras-2\" class=\"button primary is-outline is-small mb-0\">\n\t\t\t\t\t\t\tLeer m\u00e1s\t\t\t\t\t\t<\/button>\n\t\t\t\t\t\n\t\t\t\t\t\n\t\t\t\t\t<\/div>\n\t\t\t\t\t<\/div>\n\t\t\t\t\t\t\t\t\t<\/div>\n\t\t\t\t<\/a>\n\t\t\t<\/div>\n\t\t<\/div><div class=\"col post-item\" >\n\t\t\t<div class=\"col-inner\">\n\t\t\t<a href=\"https:\/\/www.youngbusinesstalents.com\/es\/prestamos-y-ton\" class=\"plain\">\n\t\t\t\t<div class=\"box box-vertical box-text-bottom box-blog-post has-hover\">\n          \t\t\t\t\t<div class=\"box-text text-left\" >\n\t\t\t\t\t<div class=\"box-text-inner blog-post-inner\">\n\n\t\t\t\t\t\n\t\t\t\t\t\t\t\t\t\t<h5 class=\"post-title is-large uppercase\">Pr\u00e9stamos y TON<\/h5>\n\t\t\t\t\t<div class=\"post-meta is-small op-8\">27 de noviembre de 2025<\/div>\t\t\t\t\t<div class=\"is-divider\"><\/div>\n\t\t\t\t\t\t\t\t\t\t<p class=\"from_the_blog_excerpt \">Cada a\u00f1o virtual, al preparar vuestro plan, deb\u00e9is calcular la Tesorer\u00eda Operativa Necesaria (TON) y [...]\t\t\t\t\t<\/p>\n\t\t\t\t\t                    \n\t\t\t\t\t\t\t\t\t\t\t<button href=\"https:\/\/www.youngbusinesstalents.com\/es\/prestamos-y-ton\" class=\"button primary is-outline is-small mb-0\">\n\t\t\t\t\t\t\tLeer m\u00e1s\t\t\t\t\t\t<\/button>\n\t\t\t\t\t\n\t\t\t\t\t\n\t\t\t\t\t<\/div>\n\t\t\t\t\t<\/div>\n\t\t\t\t\t\t\t\t\t<\/div>\n\t\t\t\t<\/a>\n\t\t\t<\/div>\n\t\t<\/div><\/div>\n","protected":false},"excerpt":{"rendered":"","protected":false},"author":1,"featured_media":0,"parent":0,"menu_order":0,"comment_status":"closed","ping_status":"closed","template":"page-right-sidebar.php","meta":{"footnotes":""},"class_list":["post-541","page","type-page","status-publish","hentry"],"yoast_head":"<!-- This site is optimized with the Yoast SEO plugin v27.5 - https:\/\/yoast.com\/product\/yoast-seo-wordpress\/ -->\n<title>Tu asesor personal - Young Business Talents Espa\u00f1a<\/title>\n<meta name=\"description\" content=\"Participa en el Business Game que te permitir\u00e1 gestionar una empresa gracias al uso de avanzados simuladore empresariales.\" \/>\n<meta name=\"robots\" content=\"index, follow, max-snippet:-1, max-image-preview:large, max-video-preview:-1\" \/>\n<link rel=\"canonical\" href=\"https:\/\/www.youngbusinesstalents.com\/es\/tu-asesor-personal\" \/>\n<meta property=\"og:locale\" content=\"es_ES\" \/>\n<meta property=\"og:type\" content=\"article\" \/>\n<meta property=\"og:title\" content=\"Tu asesor personal - Young Business Talents Espa\u00f1a\" \/>\n<meta property=\"og:description\" content=\"Participa en el Business Game que te permitir\u00e1 gestionar una empresa gracias al uso de avanzados simuladore empresariales.\" \/>\n<meta property=\"og:url\" content=\"https:\/\/www.youngbusinesstalents.com\/es\/tu-asesor-personal\" \/>\n<meta property=\"og:site_name\" content=\"Young Business Talents Espa\u00f1a\" \/>\n<meta property=\"article:modified_time\" content=\"2024-09-16T13:48:46+00:00\" \/>\n<meta name=\"twitter:card\" content=\"summary_large_image\" \/>\n<script type=\"application\/ld+json\" class=\"yoast-schema-graph\">{\"@context\":\"https:\\\/\\\/schema.org\",\"@graph\":[{\"@type\":\"WebPage\",\"@id\":\"https:\\\/\\\/www.youngbusinesstalents.com\\\/es\\\/tu-asesor-personal\",\"url\":\"https:\\\/\\\/www.youngbusinesstalents.com\\\/es\\\/tu-asesor-personal\",\"name\":\"Tu asesor personal - Young Business Talents Espa\u00f1a\",\"isPartOf\":{\"@id\":\"https:\\\/\\\/www.youngbusinesstalents.com\\\/es\\\/#website\"},\"datePublished\":\"2021-08-25T09:01:24+00:00\",\"dateModified\":\"2024-09-16T13:48:46+00:00\",\"description\":\"Participa en el Business Game que te permitir\u00e1 gestionar una empresa gracias al uso de avanzados simuladore empresariales.\",\"breadcrumb\":{\"@id\":\"https:\\\/\\\/www.youngbusinesstalents.com\\\/es\\\/tu-asesor-personal#breadcrumb\"},\"inLanguage\":\"es\",\"potentialAction\":[{\"@type\":\"ReadAction\",\"target\":[\"https:\\\/\\\/www.youngbusinesstalents.com\\\/es\\\/tu-asesor-personal\"]}]},{\"@type\":\"BreadcrumbList\",\"@id\":\"https:\\\/\\\/www.youngbusinesstalents.com\\\/es\\\/tu-asesor-personal#breadcrumb\",\"itemListElement\":[{\"@type\":\"ListItem\",\"position\":1,\"name\":\"Portada\",\"item\":\"https:\\\/\\\/www.youngbusinesstalents.com\\\/es\\\/\"},{\"@type\":\"ListItem\",\"position\":2,\"name\":\"Tu asesor personal\"}]},{\"@type\":\"WebSite\",\"@id\":\"https:\\\/\\\/www.youngbusinesstalents.com\\\/es\\\/#website\",\"url\":\"https:\\\/\\\/www.youngbusinesstalents.com\\\/es\\\/\",\"name\":\"Young Business Talents Espa\u00f1a\",\"description\":\"Business Game con simuladores empresariales\",\"publisher\":{\"@id\":\"https:\\\/\\\/www.youngbusinesstalents.com\\\/es\\\/#organization\"},\"potentialAction\":[{\"@type\":\"SearchAction\",\"target\":{\"@type\":\"EntryPoint\",\"urlTemplate\":\"https:\\\/\\\/www.youngbusinesstalents.com\\\/es\\\/?s={search_term_string}\"},\"query-input\":{\"@type\":\"PropertyValueSpecification\",\"valueRequired\":true,\"valueName\":\"search_term_string\"}}],\"inLanguage\":\"es\"},{\"@type\":\"Organization\",\"@id\":\"https:\\\/\\\/www.youngbusinesstalents.com\\\/es\\\/#organization\",\"name\":\"Young Business Talents\",\"url\":\"https:\\\/\\\/www.youngbusinesstalents.com\\\/es\\\/\",\"logo\":{\"@type\":\"ImageObject\",\"inLanguage\":\"es\",\"@id\":\"https:\\\/\\\/www.youngbusinesstalents.com\\\/es\\\/#\\\/schema\\\/logo\\\/image\\\/\",\"url\":\"https:\\\/\\\/www.youngbusinesstalents.com\\\/es\\\/wp-content\\\/uploads\\\/2021\\\/08\\\/Logo-YBT-1.png\",\"contentUrl\":\"https:\\\/\\\/www.youngbusinesstalents.com\\\/es\\\/wp-content\\\/uploads\\\/2021\\\/08\\\/Logo-YBT-1.png\",\"width\":850,\"height\":425,\"caption\":\"Young Business Talents\"},\"image\":{\"@id\":\"https:\\\/\\\/www.youngbusinesstalents.com\\\/es\\\/#\\\/schema\\\/logo\\\/image\\\/\"}}]}<\/script>\n<!-- \/ Yoast SEO plugin. -->","yoast_head_json":{"title":"Tu asesor personal - Young Business Talents Espa\u00f1a","description":"Participa en el Business Game que te permitir\u00e1 gestionar una empresa gracias al uso de avanzados simuladore empresariales.","robots":{"index":"index","follow":"follow","max-snippet":"max-snippet:-1","max-image-preview":"max-image-preview:large","max-video-preview":"max-video-preview:-1"},"canonical":"https:\/\/www.youngbusinesstalents.com\/es\/tu-asesor-personal","og_locale":"es_ES","og_type":"article","og_title":"Tu asesor personal - Young Business Talents Espa\u00f1a","og_description":"Participa en el Business Game que te permitir\u00e1 gestionar una empresa gracias al uso de avanzados simuladore empresariales.","og_url":"https:\/\/www.youngbusinesstalents.com\/es\/tu-asesor-personal","og_site_name":"Young Business Talents Espa\u00f1a","article_modified_time":"2024-09-16T13:48:46+00:00","twitter_card":"summary_large_image","schema":{"@context":"https:\/\/schema.org","@graph":[{"@type":"WebPage","@id":"https:\/\/www.youngbusinesstalents.com\/es\/tu-asesor-personal","url":"https:\/\/www.youngbusinesstalents.com\/es\/tu-asesor-personal","name":"Tu asesor personal - Young Business Talents Espa\u00f1a","isPartOf":{"@id":"https:\/\/www.youngbusinesstalents.com\/es\/#website"},"datePublished":"2021-08-25T09:01:24+00:00","dateModified":"2024-09-16T13:48:46+00:00","description":"Participa en el Business Game que te permitir\u00e1 gestionar una empresa gracias al uso de avanzados simuladore empresariales.","breadcrumb":{"@id":"https:\/\/www.youngbusinesstalents.com\/es\/tu-asesor-personal#breadcrumb"},"inLanguage":"es","potentialAction":[{"@type":"ReadAction","target":["https:\/\/www.youngbusinesstalents.com\/es\/tu-asesor-personal"]}]},{"@type":"BreadcrumbList","@id":"https:\/\/www.youngbusinesstalents.com\/es\/tu-asesor-personal#breadcrumb","itemListElement":[{"@type":"ListItem","position":1,"name":"Portada","item":"https:\/\/www.youngbusinesstalents.com\/es\/"},{"@type":"ListItem","position":2,"name":"Tu asesor personal"}]},{"@type":"WebSite","@id":"https:\/\/www.youngbusinesstalents.com\/es\/#website","url":"https:\/\/www.youngbusinesstalents.com\/es\/","name":"Young Business Talents Espa\u00f1a","description":"Business Game con simuladores empresariales","publisher":{"@id":"https:\/\/www.youngbusinesstalents.com\/es\/#organization"},"potentialAction":[{"@type":"SearchAction","target":{"@type":"EntryPoint","urlTemplate":"https:\/\/www.youngbusinesstalents.com\/es\/?s={search_term_string}"},"query-input":{"@type":"PropertyValueSpecification","valueRequired":true,"valueName":"search_term_string"}}],"inLanguage":"es"},{"@type":"Organization","@id":"https:\/\/www.youngbusinesstalents.com\/es\/#organization","name":"Young Business Talents","url":"https:\/\/www.youngbusinesstalents.com\/es\/","logo":{"@type":"ImageObject","inLanguage":"es","@id":"https:\/\/www.youngbusinesstalents.com\/es\/#\/schema\/logo\/image\/","url":"https:\/\/www.youngbusinesstalents.com\/es\/wp-content\/uploads\/2021\/08\/Logo-YBT-1.png","contentUrl":"https:\/\/www.youngbusinesstalents.com\/es\/wp-content\/uploads\/2021\/08\/Logo-YBT-1.png","width":850,"height":425,"caption":"Young Business Talents"},"image":{"@id":"https:\/\/www.youngbusinesstalents.com\/es\/#\/schema\/logo\/image\/"}}]}},"_links":{"self":[{"href":"https:\/\/www.youngbusinesstalents.com\/es\/wp-json\/wp\/v2\/pages\/541","targetHints":{"allow":["GET"]}}],"collection":[{"href":"https:\/\/www.youngbusinesstalents.com\/es\/wp-json\/wp\/v2\/pages"}],"about":[{"href":"https:\/\/www.youngbusinesstalents.com\/es\/wp-json\/wp\/v2\/types\/page"}],"author":[{"embeddable":true,"href":"https:\/\/www.youngbusinesstalents.com\/es\/wp-json\/wp\/v2\/users\/1"}],"replies":[{"embeddable":true,"href":"https:\/\/www.youngbusinesstalents.com\/es\/wp-json\/wp\/v2\/comments?post=541"}],"version-history":[{"count":10,"href":"https:\/\/www.youngbusinesstalents.com\/es\/wp-json\/wp\/v2\/pages\/541\/revisions"}],"predecessor-version":[{"id":1426,"href":"https:\/\/www.youngbusinesstalents.com\/es\/wp-json\/wp\/v2\/pages\/541\/revisions\/1426"}],"wp:attachment":[{"href":"https:\/\/www.youngbusinesstalents.com\/es\/wp-json\/wp\/v2\/media?parent=541"}],"curies":[{"name":"wp","href":"https:\/\/api.w.org\/{rel}","templated":true}]}}