{"id":615,"date":"2021-09-03T11:40:07","date_gmt":"2021-09-03T11:40:07","guid":{"rendered":"https:\/\/www.youngbusinesstalents.com\/es\/?page_id=615"},"modified":"2025-11-17T13:03:01","modified_gmt":"2025-11-17T13:03:01","slug":"inscripciones","status":"publish","type":"page","link":"https:\/\/www.youngbusinesstalents.com\/es\/inscripciones","title":{"rendered":"Inscripciones"},"content":{"rendered":"<h2 style=\"text-align: center;\">Inscripciones<\/h2>\n<p style=\"text-align: center;\">Te recordamos que cada equipo puede estar compuesto de un m\u00e1ximo de 4 miembros y solo uno ser\u00e1 el encargado de crear la empresa virtual como primer paso. Una vez creado el equipo, ser\u00e1 posible invitar a los otros compa\u00f1eros a participar en el equipo.<\/p>\n<h4 style=\"text-align: center;\">\u00bfQui\u00e9n puede participar?<\/h4>\n<ul style=\"text-align: center;\">\n<li style=\"text-align: left;\">Alumnos de 3\u00ba, 4\u00ba ESO, Bachillerato y FP;<\/li>\n<li style=\"text-align: left;\">De entre 15 y 21 a\u00f1os;<\/li>\n<li style=\"text-align: left;\">Que est\u00e9n estudiando en un centro docente del territorio espa\u00f1ol o centros espa\u00f1oles en el extranjero.<\/li>\n<\/ul>\n","protected":false},"excerpt":{"rendered":"<p>Inscripciones Te recordamos que cada equipo puede estar compuesto de un m\u00e1ximo de 4 miembros y solo uno ser\u00e1 el encargado de crear la empresa virtual como primer paso. Una vez creado el equipo, ser\u00e1 posible invitar a los otros compa\u00f1eros a participar en el equipo. \u00bfQui\u00e9n puede participar? Alumnos de 3\u00ba, 4\u00ba ESO, Bachillerato [&#8230;]\n","protected":false},"author":1,"featured_media":0,"parent":0,"menu_order":0,"comment_status":"closed","ping_status":"closed","template":"","meta":{"footnotes":""},"class_list":["post-615","page","type-page","status-publish","hentry"],"yoast_head":"<!-- This site is optimized with the Yoast SEO plugin v27.6 - https:\/\/yoast.com\/product\/yoast-seo-wordpress\/ -->\n<title>Inscripciones - Young Business Talents Espa\u00f1a<\/title>\n<meta name=\"description\" content=\"Participa en el Business Game que te permitir\u00e1 gestionar una empresa gracias al uso de avanzados simuladore empresariales.\" \/>\n<meta name=\"robots\" content=\"index, follow, max-snippet:-1, max-image-preview:large, max-video-preview:-1\" \/>\n<link rel=\"canonical\" href=\"https:\/\/www.youngbusinesstalents.com\/es\/inscripciones\" \/>\n<meta property=\"og:locale\" content=\"es_ES\" \/>\n<meta property=\"og:type\" content=\"article\" \/>\n<meta property=\"og:title\" content=\"Inscripciones - Young Business Talents Espa\u00f1a\" \/>\n<meta property=\"og:description\" content=\"Participa en el Business Game que te permitir\u00e1 gestionar una empresa gracias al uso de avanzados simuladore empresariales.\" \/>\n<meta property=\"og:url\" content=\"https:\/\/www.youngbusinesstalents.com\/es\/inscripciones\" \/>\n<meta property=\"og:site_name\" content=\"Young Business Talents Espa\u00f1a\" \/>\n<meta property=\"article:modified_time\" content=\"2025-11-17T13:03:01+00:00\" \/>\n<meta name=\"twitter:card\" content=\"summary_large_image\" \/>\n<script type=\"application\/ld+json\" class=\"yoast-schema-graph\">{\"@context\":\"https:\\\/\\\/schema.org\",\"@graph\":[{\"@type\":\"WebPage\",\"@id\":\"https:\\\/\\\/www.youngbusinesstalents.com\\\/es\\\/inscripciones\",\"url\":\"https:\\\/\\\/www.youngbusinesstalents.com\\\/es\\\/inscripciones\",\"name\":\"Inscripciones - Young Business Talents Espa\u00f1a\",\"isPartOf\":{\"@id\":\"https:\\\/\\\/www.youngbusinesstalents.com\\\/es\\\/#website\"},\"datePublished\":\"2021-09-03T11:40:07+00:00\",\"dateModified\":\"2025-11-17T13:03:01+00:00\",\"description\":\"Participa en el Business Game que te permitir\u00e1 gestionar una empresa gracias al uso de avanzados simuladore empresariales.\",\"breadcrumb\":{\"@id\":\"https:\\\/\\\/www.youngbusinesstalents.com\\\/es\\\/inscripciones#breadcrumb\"},\"inLanguage\":\"es\",\"potentialAction\":[{\"@type\":\"ReadAction\",\"target\":[\"https:\\\/\\\/www.youngbusinesstalents.com\\\/es\\\/inscripciones\"]}]},{\"@type\":\"BreadcrumbList\",\"@id\":\"https:\\\/\\\/www.youngbusinesstalents.com\\\/es\\\/inscripciones#breadcrumb\",\"itemListElement\":[{\"@type\":\"ListItem\",\"position\":1,\"name\":\"Portada\",\"item\":\"https:\\\/\\\/www.youngbusinesstalents.com\\\/es\\\/\"},{\"@type\":\"ListItem\",\"position\":2,\"name\":\"Inscripciones\"}]},{\"@type\":\"WebSite\",\"@id\":\"https:\\\/\\\/www.youngbusinesstalents.com\\\/es\\\/#website\",\"url\":\"https:\\\/\\\/www.youngbusinesstalents.com\\\/es\\\/\",\"name\":\"Young Business Talents Espa\u00f1a\",\"description\":\"Business Game con simuladores empresariales\",\"publisher\":{\"@id\":\"https:\\\/\\\/www.youngbusinesstalents.com\\\/es\\\/#organization\"},\"potentialAction\":[{\"@type\":\"SearchAction\",\"target\":{\"@type\":\"EntryPoint\",\"urlTemplate\":\"https:\\\/\\\/www.youngbusinesstalents.com\\\/es\\\/?s={search_term_string}\"},\"query-input\":{\"@type\":\"PropertyValueSpecification\",\"valueRequired\":true,\"valueName\":\"search_term_string\"}}],\"inLanguage\":\"es\"},{\"@type\":\"Organization\",\"@id\":\"https:\\\/\\\/www.youngbusinesstalents.com\\\/es\\\/#organization\",\"name\":\"Young Business Talents\",\"url\":\"https:\\\/\\\/www.youngbusinesstalents.com\\\/es\\\/\",\"logo\":{\"@type\":\"ImageObject\",\"inLanguage\":\"es\",\"@id\":\"https:\\\/\\\/www.youngbusinesstalents.com\\\/es\\\/#\\\/schema\\\/logo\\\/image\\\/\",\"url\":\"https:\\\/\\\/www.youngbusinesstalents.com\\\/es\\\/wp-content\\\/uploads\\\/2021\\\/08\\\/Logo-YBT-1.png\",\"contentUrl\":\"https:\\\/\\\/www.youngbusinesstalents.com\\\/es\\\/wp-content\\\/uploads\\\/2021\\\/08\\\/Logo-YBT-1.png\",\"width\":850,\"height\":425,\"caption\":\"Young Business Talents\"},\"image\":{\"@id\":\"https:\\\/\\\/www.youngbusinesstalents.com\\\/es\\\/#\\\/schema\\\/logo\\\/image\\\/\"}}]}<\/script>\n<!-- \/ Yoast SEO plugin. -->","yoast_head_json":{"title":"Inscripciones - Young Business Talents Espa\u00f1a","description":"Participa en el Business Game que te permitir\u00e1 gestionar una empresa gracias al uso de avanzados simuladore empresariales.","robots":{"index":"index","follow":"follow","max-snippet":"max-snippet:-1","max-image-preview":"max-image-preview:large","max-video-preview":"max-video-preview:-1"},"canonical":"https:\/\/www.youngbusinesstalents.com\/es\/inscripciones","og_locale":"es_ES","og_type":"article","og_title":"Inscripciones - Young Business Talents Espa\u00f1a","og_description":"Participa en el Business Game que te permitir\u00e1 gestionar una empresa gracias al uso de avanzados simuladore empresariales.","og_url":"https:\/\/www.youngbusinesstalents.com\/es\/inscripciones","og_site_name":"Young Business Talents Espa\u00f1a","article_modified_time":"2025-11-17T13:03:01+00:00","twitter_card":"summary_large_image","schema":{"@context":"https:\/\/schema.org","@graph":[{"@type":"WebPage","@id":"https:\/\/www.youngbusinesstalents.com\/es\/inscripciones","url":"https:\/\/www.youngbusinesstalents.com\/es\/inscripciones","name":"Inscripciones - Young Business Talents Espa\u00f1a","isPartOf":{"@id":"https:\/\/www.youngbusinesstalents.com\/es\/#website"},"datePublished":"2021-09-03T11:40:07+00:00","dateModified":"2025-11-17T13:03:01+00:00","description":"Participa en el Business Game que te permitir\u00e1 gestionar una empresa gracias al uso de avanzados simuladore empresariales.","breadcrumb":{"@id":"https:\/\/www.youngbusinesstalents.com\/es\/inscripciones#breadcrumb"},"inLanguage":"es","potentialAction":[{"@type":"ReadAction","target":["https:\/\/www.youngbusinesstalents.com\/es\/inscripciones"]}]},{"@type":"BreadcrumbList","@id":"https:\/\/www.youngbusinesstalents.com\/es\/inscripciones#breadcrumb","itemListElement":[{"@type":"ListItem","position":1,"name":"Portada","item":"https:\/\/www.youngbusinesstalents.com\/es\/"},{"@type":"ListItem","position":2,"name":"Inscripciones"}]},{"@type":"WebSite","@id":"https:\/\/www.youngbusinesstalents.com\/es\/#website","url":"https:\/\/www.youngbusinesstalents.com\/es\/","name":"Young Business Talents Espa\u00f1a","description":"Business Game con simuladores empresariales","publisher":{"@id":"https:\/\/www.youngbusinesstalents.com\/es\/#organization"},"potentialAction":[{"@type":"SearchAction","target":{"@type":"EntryPoint","urlTemplate":"https:\/\/www.youngbusinesstalents.com\/es\/?s={search_term_string}"},"query-input":{"@type":"PropertyValueSpecification","valueRequired":true,"valueName":"search_term_string"}}],"inLanguage":"es"},{"@type":"Organization","@id":"https:\/\/www.youngbusinesstalents.com\/es\/#organization","name":"Young Business Talents","url":"https:\/\/www.youngbusinesstalents.com\/es\/","logo":{"@type":"ImageObject","inLanguage":"es","@id":"https:\/\/www.youngbusinesstalents.com\/es\/#\/schema\/logo\/image\/","url":"https:\/\/www.youngbusinesstalents.com\/es\/wp-content\/uploads\/2021\/08\/Logo-YBT-1.png","contentUrl":"https:\/\/www.youngbusinesstalents.com\/es\/wp-content\/uploads\/2021\/08\/Logo-YBT-1.png","width":850,"height":425,"caption":"Young Business Talents"},"image":{"@id":"https:\/\/www.youngbusinesstalents.com\/es\/#\/schema\/logo\/image\/"}}]}},"_links":{"self":[{"href":"https:\/\/www.youngbusinesstalents.com\/es\/wp-json\/wp\/v2\/pages\/615","targetHints":{"allow":["GET"]}}],"collection":[{"href":"https:\/\/www.youngbusinesstalents.com\/es\/wp-json\/wp\/v2\/pages"}],"about":[{"href":"https:\/\/www.youngbusinesstalents.com\/es\/wp-json\/wp\/v2\/types\/page"}],"author":[{"embeddable":true,"href":"https:\/\/www.youngbusinesstalents.com\/es\/wp-json\/wp\/v2\/users\/1"}],"replies":[{"embeddable":true,"href":"https:\/\/www.youngbusinesstalents.com\/es\/wp-json\/wp\/v2\/comments?post=615"}],"version-history":[{"count":37,"href":"https:\/\/www.youngbusinesstalents.com\/es\/wp-json\/wp\/v2\/pages\/615\/revisions"}],"predecessor-version":[{"id":1617,"href":"https:\/\/www.youngbusinesstalents.com\/es\/wp-json\/wp\/v2\/pages\/615\/revisions\/1617"}],"wp:attachment":[{"href":"https:\/\/www.youngbusinesstalents.com\/es\/wp-json\/wp\/v2\/media?parent=615"}],"curies":[{"name":"wp","href":"https:\/\/api.w.org\/{rel}","templated":true}]}}