{"id":85,"date":"2021-03-25T12:59:08","date_gmt":"2021-03-25T12:59:08","guid":{"rendered":"https:\/\/www.youngbusinesstalents.com\/es\/?page_id=85"},"modified":"2021-03-25T13:30:07","modified_gmt":"2021-03-25T13:30:07","slug":"politica-de-privacidad","status":"publish","type":"page","link":"https:\/\/www.youngbusinesstalents.com\/es\/politica-de-privacidad","title":{"rendered":"Pol\u00edtica de Privacidad"},"content":{"rendered":"\n\t<section class=\"section\" id=\"section_1671523812\">\n\t\t<div class=\"bg section-bg fill bg-fill  bg-loaded\" >\n\n\t\t\t\n\t\t\t\n\t\t\t\n\n\t\t<\/div>\n\n\t\t\n\n\t\t<div class=\"section-content relative\">\n\t\t\t\n\n<div class=\"row\"  id=\"row-1104346628\">\n\n\n\t<div id=\"col-1970356766\" class=\"col small-12 large-12\"  >\n\t\t\t\t<div class=\"col-inner\"  >\n\t\t\t\n\t\t\t\n\n<p><strong>POL\u00cdTICA DE PRIVACIDAD<\/strong><\/p>\n<p><strong>RESPONSABLE<\/strong><\/p>\n<ol>\n<li><u>Identidad.<\/u><\/li>\n<\/ol>\n<p>Empresa: Praxis Hispania, S.L.<\/p>\n<p>CIF: B-36.807.535<\/p>\n<p>Direcci\u00f3n Postal: C\/ Chile 8<\/p>\n<p>Ciudad: Las Rozas de Madrid<\/p>\n<p>CP: 28290<\/p>\n<p>Tel\u00e9fono: 91 896 94 95<\/p>\n<p>E-Mail:\u00a0<a href=\"mailto:praxis@praxismmt.com\">praxis@praxismmt.com<\/a><\/p>\n<p><strong>FINALIDAD DEL TRATAMIENTO:<\/strong><\/p>\n<ol start=\"2\">\n<li><u>Descripci\u00f3n detallada de las finalidades del tratamiento.<\/u><\/li>\n<\/ol>\n<p>Praxis Hispania, S.L., podr\u00e1 tratar sus datos personales con las siguientes finalidades:<\/p>\n<ul>\n<li>Para prestar correctamente el servicio contratado, gestionar y facilitar el acceso a los programas o proyectos en los que se haya inscrito o quiera participar.<\/li>\n<li>Para responder a las peticiones realizadas a trav\u00e9s de los formularios web.<\/li>\n<li>Cuando haya otorgado su consentimiento, enviar comunicaciones comerciales, promociones e informaci\u00f3n que pudieran resultar de su inter\u00e9s por los canales de comunicaci\u00f3n habituales. No obstante, le informamos de que podr\u00e1 revocar el consentimiento en cualquier momento a trav\u00e9s de los medios que proporcionamos.\u00a0<strong>*Ver apartado relativo a los derechos del interesado*<\/strong>.<\/li>\n<li>Trataremos sus datos para la gesti\u00f3n comercial, administrativa, contable y fiscal, conforme a la normativa vigente y en funci\u00f3n de la informaci\u00f3n facilitada y autorizaci\u00f3n otorgada.<\/li>\n<\/ul>\n<p><strong>CONSERVACI\u00d3N<\/strong><\/p>\n<ol start=\"3\">\n<li><u>Plazos o criterios de conservaci\u00f3n de los datos:<\/u><\/li>\n<\/ol>\n<p>Los datos personales proporcionados se conservar\u00e1n mientras se mantenga la relaci\u00f3n con la entidad y no solicite su supresi\u00f3n.<\/p>\n<p>Mantendremos bloqueados sus datos personales durante el plazo de prescripci\u00f3n de las acciones que pudieran derivarse de la relaci\u00f3n mantenida con usted o para la atenci\u00f3n de requerimientos de autoridades p\u00fablicas.<\/p>\n<p><strong>DECISIONES<\/strong><\/p>\n<ol start=\"4\">\n<li>Decisiones automatizadas, perfiles y l\u00f3gica aplicada:<\/li>\n<\/ol>\n<p>La empresa NO tomar\u00e1 decisiones automatizadas, perfiles o l\u00f3gica aplicada a sus datos.<\/p>\n<p><strong>LEGITIMACI\u00d3N<\/strong><\/p>\n<ol start=\"5\">\n<li>Legitimaci\u00f3n:<\/li>\n<\/ol>\n<p>La base por la cual se sustenta el tratamiento de los datos de car\u00e1cter personal por parte Praxis Hispania, S.L., se encuentra amparada en:<\/p>\n<ul>\n<li><strong>El consentimiento del interesado.<\/strong><\/li>\n<li><strong>Cumplimiento de un contrato (<\/strong><strong>aun cuando el mismo tenga car\u00e1cter gratuito).<\/strong><\/li>\n<li>En el caso de que celebre con nosotros cualquier contrato o subsista entre las partes una relaci\u00f3n jur\u00eddica vinculante, ser\u00e1 necesario tratar los datos personales para proceder a su cumplimiento, gestionar y\/o prestar de forma correcta y adecuada el servicio y\/o el bien objeto del contrato.<\/li>\n<li>Asimismo, es posible que sea necesario tratar sus datos personales para la ejecuci\u00f3n de medidas precontractuales en el que usted sea parte.<\/li>\n<li><strong>Obligaci\u00f3n legal.<\/strong><\/li>\n<li>En determinados casos, ser\u00e1 necesario tratar sus datos para cumplir con una obligaci\u00f3n legal.<\/li>\n<li><strong>Inter\u00e9s legitimo.<\/strong><\/li>\n<\/ul>\n<p><strong>\u00a0<\/strong><\/p>\n<p>En determinados supuestos, ser\u00e1 necesario tratar sus datos para configurar y administrar su cuenta, prestarle asistencia t\u00e9cnica, verificar su identidad, o la informaci\u00f3n que nos facilit\u00f3, para la prestaci\u00f3n del servicio suscrito. Seg\u00fan la situaci\u00f3n, el tratamiento de sus datos ser\u00e1 necesario para:<\/p>\n<ul>\n<li>Administrar sus datos y facilitarlos a proveedores externos para el correcto funcionamiento de nuestro negocio, por ejemplo, aquellos casos en los cuales contamos con asesor\u00edas\/ despacho profesionales o consultor\u00edas que se encarguen de enviarles las facturas, o redactar los contratos, entre otros.<\/li>\n<li>Cumplir con nuestros requisitos de auditor\u00edas internas o externas.<\/li>\n<li>Proteger nuestros derechos o defendernos ante reclamaciones de cualquier \u00edndole ya sean extrajudiciales o judiciales.<\/li>\n<li>Mejorar nuestros servicios, ofrecerles contenidos personalizados en su caso, y mejorar la experiencia de la navegaci\u00f3n y el uso de la p\u00e1gina web, as\u00ed como.<\/li>\n<li>Enviar comunicaciones en relaci\u00f3n a encuetas, sondeos en los que desee participar.<\/li>\n<\/ul>\n<p><strong>DESTINATARIOS<\/strong><\/p>\n<ol start=\"6\">\n<li>Descripci\u00f3n detallada de las Cesiones o Transferencias Internacionales de Datos.<\/li>\n<\/ol>\n<p>Durante el periodo de duraci\u00f3n del tratamiento de sus datos personales, Praxis Hispania, S.L. podr\u00e1 cederlos a organizadores, patrocinadores u otras entidades colaboradoras en el marco de los servicios, proyectos o programas desarrollados y a los que el usuario vaya a inscribirse. En todo caso, dicha circunstancia vendr\u00e1 siempre reflejada en las correspondientes Bases del programa que el usuario tendr\u00e1 a su disposici\u00f3n en el momento de la recogida de los datos. Podr\u00e1 consultar la lista actualizada de los organizadores\/patrocinadores pinchando\u00a0<a href=\"https:\/\/www.youngbusinesstalents.com\/wp-content\/uploads\/2018\/09\/Organizadores-YBT.pdf\" target=\"_blank\" rel=\"noopener\">aqu\u00ed<\/a><strong>.<\/strong>\u00a0Por \u00faltimo, en determinados casos, Praxis Hispania, S.L. podr\u00e1 ceder sus datos cuando le sea exigible por el ordenamiento jur\u00eddico.<\/p>\n<p>Praxis Hispania, S.L. no realiza Transferencias Internacionales de Datos.<\/p>\n<p><strong>DERECHOS<\/strong><\/p>\n<ol start=\"7\">\n<li><u>Descripci\u00f3n detallada de los derechos que el interesado puede ejercer.<\/u><\/li>\n<\/ol>\n<ul>\n<li>Derecho a solicitar el acceso a sus datos personales.<\/li>\n<li>Derecho a solicitar su rectificaci\u00f3n o supresi\u00f3n.<\/li>\n<li>Derecho a solicitar la limitaci\u00f3n de su tratamiento.<\/li>\n<li>Derecho a oponerse al tratamiento.<\/li>\n<li>Derecho a la portabilidad de los datos.<\/li>\n<li>Derecho a retirar el consentimiento prestado.<\/li>\n<\/ul>\n<p>Cualquier persona tiene derecho a obtener confirmaci\u00f3n sobre si en la Entidad estamos tratando datos personales que les conciernan, o no. Las personas interesadas tienen derecho a acceder a sus datos personales, as\u00ed como a solicitar la rectificaci\u00f3n de los datos inexactos o, en su caso, solicitar su supresi\u00f3n cuando, entre otros motivos, los datos ya no sean necesarios para los fines que fueron recogidos.<\/p>\n<p>En determinadas circunstancias, los interesados podr\u00e1n solicitar la limitaci\u00f3n del tratamiento de sus datos, en cuyo caso \u00fanicamente los conservaremos para el ejercicio o la defensa de reclamaciones. En determinadas circunstancias y por motivos relacionados con su situaci\u00f3n particular, los interesados podr\u00e1n oponerse al tratamiento de sus datos. En este caso, la entidad, dejar\u00e1 de tratar los datos, salvo por motivos leg\u00edtimos imperiosos, o el ejercicio o la defensa de posibles reclamaciones.<\/p>\n<p>Si ha otorgado su consentimiento para alguna finalidad concreta, tiene derecho a retirar el consentimiento otorgado en cualquier momento, sin que ello afecte a la licitud del tratamiento basado en el consentimiento previo a su retirada.<\/p>\n<p>Para ello podr\u00e1 emplear los formularios habilitados por la empresa, o bien dirigir un escrito a: Praxis Hispania, S.L. \u2013 CIF: B-36.807.535 \u2013 Direcci\u00f3n Postal: C\/ Chile 8 \u2013 Ciudad: Las Rozas de Madrid \u2013 CP: 28290. Tambi\u00e9n puede enviar un email a:\u00a0<a href=\"mailto:data@youngbusinesstalents.com\">data@youngbusinesstalents.com<\/a>.<\/p>\n<p>En caso de que sienta vulnerados sus derechos en lo concerniente a la protecci\u00f3n de sus datos personales, especialmente cuando no haya obtenido satisfacci\u00f3n en el ejercicio de sus derechos, puede presentar una reclamaci\u00f3n ante la Autoridad de Control en materia de Protecci\u00f3n de Datos competente a trav\u00e9s de su sitio web:\u00a0<a href=\"http:\/\/www.agpd.es\/\">www.agpd.es<\/a>.<\/p>\n<p>En cumplimiento de lo prevenido en el art\u00edculo 21 de la Ley 34\/2002 de servicios de la sociedad de la informaci\u00f3n y comercio electr\u00f3nico, si usted no desea recibir m\u00e1s informaci\u00f3n sobre nuestros servicios, puede darse de baja en la siguiente direcci\u00f3n de correo electr\u00f3nico de la entidad, indicando en el asunto \u201cNo enviar correos\u201d.<\/p>\n<p><strong>FUENTE O PROCEDENCIA DE LOS DATOS<\/strong><\/p>\n<ol start=\"8\">\n<li><u>Descripci\u00f3n detallada de la procedencia de los datos personales objetos del tratamiento.<\/u><\/li>\n<\/ol>\n<p>EL RESPONSABLE ha obtenido los datos personales que ser\u00e1n objeto de tratamiento, a trav\u00e9s de diferentes canales:<\/p>\n<ul>\n<li><strong>Directamente del interesado o su Representante legal.<\/strong>\n<ul>\n<li>Cuando el usuario facilita sus datos de car\u00e1cter personal a trav\u00e9s de los formularios web de inscripci\u00f3n, de contacto o solicitud de informaci\u00f3n recogidos e incorporados en la p\u00e1gina web.<\/li>\n<li>Cuando el usuario se inscribe y presta el consentimiento al tratamiento de los datos personales en alguno de los programas o aplicaciones titularidad de la empresa (aun cuando estos sean de car\u00e1cter gratuito).<\/li>\n<\/ul>\n<\/li>\n<li><strong>Fuentes accesibles al p\u00fablico y\/o registros p\u00fablicos<\/strong>\n<ul>\n<li>Siempre que exista inter\u00e9s leg\u00edtimo por parte de EL RESPONSABLE para ello podr\u00e1 utilizar los datos personales recogidos en:\n<ul>\n<li>Censo promocional.<\/li>\n<li>Repertorios telef\u00f3nicos en los t\u00e9rminos previstos por su normativa espec\u00edfica.<\/li>\n<li>Listas de personas pertenecientes a grupos de profesionales que contengan \u00fanicamente los datos de nombre, t\u00edtulo, profesi\u00f3n, actividad, grado acad\u00e9mico, direcci\u00f3n e indicaci\u00f3n de su pertenencia al grupo.<\/li>\n<\/ul>\n<\/li>\n<li><strong>A\u00a0<\/strong><strong>trav\u00e9s de cookies y tecnolog\u00edas similares incluidas en nuestros servicios<\/strong>.\n<ul>\n<li>Para acceder a m\u00e1s informaci\u00f3n sobre cookies y c\u00f3mo controlar su uso, acceda a nuestra\u00a0<strong><u><a href=\"https:\/\/www.youngbusinesstalents.com\/politica-de-cookies\/\">pol\u00edtica de cookies<\/a><\/u><\/strong>.<\/li>\n<\/ul>\n<\/li>\n<\/ul>\n<\/li>\n<\/ul>\n<p><u>\u00a0<\/u><\/p>\n<ol start=\"9\">\n<li><u>Categor\u00eda de los datos.<\/u><\/li>\n<\/ol>\n<p>Las categor\u00edas de datos que se tratan son (no se trata de datos especialmente protegidos):<\/p>\n<ul>\n<li>Datos de identificaci\u00f3n<\/li>\n<li>C\u00f3digos o claves de identificaci\u00f3n<\/li>\n<li>Direcciones postales o electr\u00f3nicas<\/li>\n<li>Informaci\u00f3n comercial<\/li>\n<li>Datos econ\u00f3micos<\/li>\n<\/ul>\n\n\t\t<\/div>\n\t\t\t\t\t<\/div>\n\n\t\n\n<\/div>\n\n\t\t<\/div>\n\n\t\t\n<style>\n#section_1671523812 {\n  padding-top: 30px;\n  padding-bottom: 30px;\n}\n#section_1671523812 .ux-shape-divider--top svg {\n  height: 150px;\n  --divider-top-width: 100%;\n}\n#section_1671523812 .ux-shape-divider--bottom svg {\n  height: 150px;\n  --divider-width: 100%;\n}\n<\/style>\n\t<\/section>\n\t\n\n","protected":false},"excerpt":{"rendered":"","protected":false},"author":1,"featured_media":0,"parent":0,"menu_order":0,"comment_status":"closed","ping_status":"closed","template":"page-blank.php","meta":{"footnotes":""},"class_list":["post-85","page","type-page","status-publish","hentry"],"yoast_head":"<!-- This site is optimized with the Yoast SEO plugin v27.6 - https:\/\/yoast.com\/product\/yoast-seo-wordpress\/ -->\n<title>Pol\u00edtica de Privacidad - Young Business Talents Espa\u00f1a<\/title>\n<meta name=\"description\" content=\"Participa en el Business Game que te permitir\u00e1 gestionar una empresa gracias al uso de avanzados simuladore empresariales.\" \/>\n<meta name=\"robots\" content=\"index, follow, max-snippet:-1, max-image-preview:large, max-video-preview:-1\" \/>\n<link rel=\"canonical\" href=\"https:\/\/www.youngbusinesstalents.com\/es\/politica-de-privacidad\" \/>\n<meta property=\"og:locale\" content=\"es_ES\" \/>\n<meta property=\"og:type\" content=\"article\" \/>\n<meta property=\"og:title\" content=\"Pol\u00edtica de Privacidad - Young Business Talents Espa\u00f1a\" \/>\n<meta property=\"og:description\" content=\"Participa en el Business Game que te permitir\u00e1 gestionar una empresa gracias al uso de avanzados simuladore empresariales.\" \/>\n<meta property=\"og:url\" content=\"https:\/\/www.youngbusinesstalents.com\/es\/politica-de-privacidad\" \/>\n<meta property=\"og:site_name\" content=\"Young Business Talents Espa\u00f1a\" \/>\n<meta property=\"article:modified_time\" content=\"2021-03-25T13:30:07+00:00\" \/>\n<meta name=\"twitter:card\" content=\"summary_large_image\" \/>\n<meta name=\"twitter:label1\" content=\"Tiempo de lectura\" \/>\n\t<meta name=\"twitter:data1\" content=\"7 minutos\" \/>\n<script type=\"application\/ld+json\" class=\"yoast-schema-graph\">{\"@context\":\"https:\\\/\\\/schema.org\",\"@graph\":[{\"@type\":\"WebPage\",\"@id\":\"https:\\\/\\\/www.youngbusinesstalents.com\\\/es\\\/politica-de-privacidad\",\"url\":\"https:\\\/\\\/www.youngbusinesstalents.com\\\/es\\\/politica-de-privacidad\",\"name\":\"Pol\u00edtica de Privacidad - Young Business Talents Espa\u00f1a\",\"isPartOf\":{\"@id\":\"https:\\\/\\\/www.youngbusinesstalents.com\\\/es\\\/#website\"},\"datePublished\":\"2021-03-25T12:59:08+00:00\",\"dateModified\":\"2021-03-25T13:30:07+00:00\",\"description\":\"Participa en el Business Game que te permitir\u00e1 gestionar una empresa gracias al uso de avanzados simuladore empresariales.\",\"breadcrumb\":{\"@id\":\"https:\\\/\\\/www.youngbusinesstalents.com\\\/es\\\/politica-de-privacidad#breadcrumb\"},\"inLanguage\":\"es\",\"potentialAction\":[{\"@type\":\"ReadAction\",\"target\":[\"https:\\\/\\\/www.youngbusinesstalents.com\\\/es\\\/politica-de-privacidad\"]}]},{\"@type\":\"BreadcrumbList\",\"@id\":\"https:\\\/\\\/www.youngbusinesstalents.com\\\/es\\\/politica-de-privacidad#breadcrumb\",\"itemListElement\":[{\"@type\":\"ListItem\",\"position\":1,\"name\":\"Portada\",\"item\":\"https:\\\/\\\/www.youngbusinesstalents.com\\\/es\\\/\"},{\"@type\":\"ListItem\",\"position\":2,\"name\":\"Pol\u00edtica de Privacidad\"}]},{\"@type\":\"WebSite\",\"@id\":\"https:\\\/\\\/www.youngbusinesstalents.com\\\/es\\\/#website\",\"url\":\"https:\\\/\\\/www.youngbusinesstalents.com\\\/es\\\/\",\"name\":\"Young Business Talents Espa\u00f1a\",\"description\":\"Business Game con simuladores empresariales\",\"publisher\":{\"@id\":\"https:\\\/\\\/www.youngbusinesstalents.com\\\/es\\\/#organization\"},\"potentialAction\":[{\"@type\":\"SearchAction\",\"target\":{\"@type\":\"EntryPoint\",\"urlTemplate\":\"https:\\\/\\\/www.youngbusinesstalents.com\\\/es\\\/?s={search_term_string}\"},\"query-input\":{\"@type\":\"PropertyValueSpecification\",\"valueRequired\":true,\"valueName\":\"search_term_string\"}}],\"inLanguage\":\"es\"},{\"@type\":\"Organization\",\"@id\":\"https:\\\/\\\/www.youngbusinesstalents.com\\\/es\\\/#organization\",\"name\":\"Young Business Talents\",\"url\":\"https:\\\/\\\/www.youngbusinesstalents.com\\\/es\\\/\",\"logo\":{\"@type\":\"ImageObject\",\"inLanguage\":\"es\",\"@id\":\"https:\\\/\\\/www.youngbusinesstalents.com\\\/es\\\/#\\\/schema\\\/logo\\\/image\\\/\",\"url\":\"https:\\\/\\\/www.youngbusinesstalents.com\\\/es\\\/wp-content\\\/uploads\\\/2021\\\/08\\\/Logo-YBT-1.png\",\"contentUrl\":\"https:\\\/\\\/www.youngbusinesstalents.com\\\/es\\\/wp-content\\\/uploads\\\/2021\\\/08\\\/Logo-YBT-1.png\",\"width\":850,\"height\":425,\"caption\":\"Young Business Talents\"},\"image\":{\"@id\":\"https:\\\/\\\/www.youngbusinesstalents.com\\\/es\\\/#\\\/schema\\\/logo\\\/image\\\/\"}}]}<\/script>\n<!-- \/ Yoast SEO plugin. -->","yoast_head_json":{"title":"Pol\u00edtica de Privacidad - Young Business Talents Espa\u00f1a","description":"Participa en el Business Game que te permitir\u00e1 gestionar una empresa gracias al uso de avanzados simuladore empresariales.","robots":{"index":"index","follow":"follow","max-snippet":"max-snippet:-1","max-image-preview":"max-image-preview:large","max-video-preview":"max-video-preview:-1"},"canonical":"https:\/\/www.youngbusinesstalents.com\/es\/politica-de-privacidad","og_locale":"es_ES","og_type":"article","og_title":"Pol\u00edtica de Privacidad - Young Business Talents Espa\u00f1a","og_description":"Participa en el Business Game que te permitir\u00e1 gestionar una empresa gracias al uso de avanzados simuladore empresariales.","og_url":"https:\/\/www.youngbusinesstalents.com\/es\/politica-de-privacidad","og_site_name":"Young Business Talents Espa\u00f1a","article_modified_time":"2021-03-25T13:30:07+00:00","twitter_card":"summary_large_image","twitter_misc":{"Tiempo de lectura":"7 minutos"},"schema":{"@context":"https:\/\/schema.org","@graph":[{"@type":"WebPage","@id":"https:\/\/www.youngbusinesstalents.com\/es\/politica-de-privacidad","url":"https:\/\/www.youngbusinesstalents.com\/es\/politica-de-privacidad","name":"Pol\u00edtica de Privacidad - Young Business Talents Espa\u00f1a","isPartOf":{"@id":"https:\/\/www.youngbusinesstalents.com\/es\/#website"},"datePublished":"2021-03-25T12:59:08+00:00","dateModified":"2021-03-25T13:30:07+00:00","description":"Participa en el Business Game que te permitir\u00e1 gestionar una empresa gracias al uso de avanzados simuladore empresariales.","breadcrumb":{"@id":"https:\/\/www.youngbusinesstalents.com\/es\/politica-de-privacidad#breadcrumb"},"inLanguage":"es","potentialAction":[{"@type":"ReadAction","target":["https:\/\/www.youngbusinesstalents.com\/es\/politica-de-privacidad"]}]},{"@type":"BreadcrumbList","@id":"https:\/\/www.youngbusinesstalents.com\/es\/politica-de-privacidad#breadcrumb","itemListElement":[{"@type":"ListItem","position":1,"name":"Portada","item":"https:\/\/www.youngbusinesstalents.com\/es\/"},{"@type":"ListItem","position":2,"name":"Pol\u00edtica de Privacidad"}]},{"@type":"WebSite","@id":"https:\/\/www.youngbusinesstalents.com\/es\/#website","url":"https:\/\/www.youngbusinesstalents.com\/es\/","name":"Young Business Talents Espa\u00f1a","description":"Business Game con simuladores empresariales","publisher":{"@id":"https:\/\/www.youngbusinesstalents.com\/es\/#organization"},"potentialAction":[{"@type":"SearchAction","target":{"@type":"EntryPoint","urlTemplate":"https:\/\/www.youngbusinesstalents.com\/es\/?s={search_term_string}"},"query-input":{"@type":"PropertyValueSpecification","valueRequired":true,"valueName":"search_term_string"}}],"inLanguage":"es"},{"@type":"Organization","@id":"https:\/\/www.youngbusinesstalents.com\/es\/#organization","name":"Young Business Talents","url":"https:\/\/www.youngbusinesstalents.com\/es\/","logo":{"@type":"ImageObject","inLanguage":"es","@id":"https:\/\/www.youngbusinesstalents.com\/es\/#\/schema\/logo\/image\/","url":"https:\/\/www.youngbusinesstalents.com\/es\/wp-content\/uploads\/2021\/08\/Logo-YBT-1.png","contentUrl":"https:\/\/www.youngbusinesstalents.com\/es\/wp-content\/uploads\/2021\/08\/Logo-YBT-1.png","width":850,"height":425,"caption":"Young Business Talents"},"image":{"@id":"https:\/\/www.youngbusinesstalents.com\/es\/#\/schema\/logo\/image\/"}}]}},"_links":{"self":[{"href":"https:\/\/www.youngbusinesstalents.com\/es\/wp-json\/wp\/v2\/pages\/85","targetHints":{"allow":["GET"]}}],"collection":[{"href":"https:\/\/www.youngbusinesstalents.com\/es\/wp-json\/wp\/v2\/pages"}],"about":[{"href":"https:\/\/www.youngbusinesstalents.com\/es\/wp-json\/wp\/v2\/types\/page"}],"author":[{"embeddable":true,"href":"https:\/\/www.youngbusinesstalents.com\/es\/wp-json\/wp\/v2\/users\/1"}],"replies":[{"embeddable":true,"href":"https:\/\/www.youngbusinesstalents.com\/es\/wp-json\/wp\/v2\/comments?post=85"}],"version-history":[{"count":3,"href":"https:\/\/www.youngbusinesstalents.com\/es\/wp-json\/wp\/v2\/pages\/85\/revisions"}],"predecessor-version":[{"id":91,"href":"https:\/\/www.youngbusinesstalents.com\/es\/wp-json\/wp\/v2\/pages\/85\/revisions\/91"}],"wp:attachment":[{"href":"https:\/\/www.youngbusinesstalents.com\/es\/wp-json\/wp\/v2\/media?parent=85"}],"curies":[{"name":"wp","href":"https:\/\/api.w.org\/{rel}","templated":true}]}}